{"id":20107,"date":"2021-04-12T13:50:01","date_gmt":"2021-04-12T17:50:01","guid":{"rendered":"https:\/\/dev.fertilityconsultants.ca\/?page_id=20107"},"modified":"2022-10-11T14:00:27","modified_gmt":"2022-10-11T18:00:27","slug":"quiz-meres-porteuses","status":"publish","type":"page","link":"https:\/\/dev.fertilityconsultants.ca\/fr\/quiz-meres-porteuses\/","title":{"rendered":"[Quiz] CFC Do you qualify to become a surrogate? [FR]"},"content":{"rendered":"<div id=\"cs-content\" class=\"cs-content\"><\/div>\n","protected":false},"excerpt":{"rendered":"<p>Avez-vous les qualit\u00e9s requises pour devenir une m\u00e8re porteuse ? [CFC Quiz] Are you qualified to be a surrogate? Commencer le Quiz Nous mettons tout en \u0153uvre pour prot\u00e9ger la &#8230; <\/p>\n<div><a href=\"https:\/\/dev.fertilityconsultants.ca\/fr\/quiz-meres-porteuses\/\" class=\"more-link\">Read More<\/a><\/div>\n","protected":false},"author":33449,"featured_media":20247,"parent":0,"menu_order":0,"comment_status":"closed","ping_status":"closed","template":"template-blank-6.php","meta":{"footnotes":""},"wf_page_folders":[570],"class_list":["post-20107","page","type-page","status-publish","has-post-thumbnail","hentry"],"yoast_head":"<!-- This site is optimized with the Yoast SEO plugin v23.5 - https:\/\/yoast.com\/wordpress\/plugins\/seo\/ -->\n<title>QUIZ: \u00cates-vous qualifi\u00e9 pour devenir une m\u00e8re porteuse ?<\/title>\n<meta name=\"description\" content=\"Feriez-vous une excellente m\u00e8re porteuse ? R\u00e9pondez \u00e0 notre petit questionnaire pour le savoir !\" \/>\n<meta name=\"robots\" content=\"noindex, nofollow\" \/>\n<meta property=\"og:locale\" content=\"fr_FR\" \/>\n<meta property=\"og:type\" content=\"article\" \/>\n<meta property=\"og:title\" content=\"QUIZ: \u00cates-vous qualifi\u00e9 pour devenir une m\u00e8re porteuse ?\" \/>\n<meta property=\"og:description\" content=\"Feriez-vous une excellente m\u00e8re porteuse ? R\u00e9pondez \u00e0 notre petit questionnaire pour le savoir !\" \/>\n<meta property=\"og:url\" content=\"https:\/\/dev.fertilityconsultants.ca\/fr\/quiz-meres-porteuses\/\" \/>\n<meta property=\"og:site_name\" content=\"Canadian Fertility Consulting\" \/>\n<meta property=\"article:publisher\" content=\"https:\/\/www.facebook.com\/CanadianSurrogacy\/\" \/>\n<meta property=\"article:modified_time\" content=\"2022-10-11T18:00:27+00:00\" \/>\n<meta property=\"og:image\" content=\"https:\/\/dev.fertilityconsultants.ca\/wp-content\/uploads\/2021\/04\/CFC-Quiz-Image.jpg\" \/>\n\t<meta property=\"og:image:width\" content=\"400\" \/>\n\t<meta property=\"og:image:height\" content=\"267\" \/>\n\t<meta property=\"og:image:type\" content=\"image\/jpeg\" \/>\n<meta name=\"twitter:card\" content=\"summary_large_image\" \/>\n<meta name=\"twitter:label1\" content=\"Dur\u00e9e de lecture estim\u00e9e\" \/>\n\t<meta name=\"twitter:data1\" content=\"2 minutes\" \/>\n<script type=\"application\/ld+json\" class=\"yoast-schema-graph\">{\"@context\":\"https:\/\/schema.org\",\"@graph\":[{\"@type\":\"WebPage\",\"@id\":\"https:\/\/dev.fertilityconsultants.ca\/fr\/quiz-meres-porteuses\/\",\"url\":\"https:\/\/dev.fertilityconsultants.ca\/fr\/quiz-meres-porteuses\/\",\"name\":\"QUIZ: \u00cates-vous qualifi\u00e9 pour devenir une m\u00e8re porteuse ?\",\"isPartOf\":{\"@id\":\"https:\/\/dev.fertilityconsultants.ca\/fr\/#website\"},\"primaryImageOfPage\":{\"@id\":\"https:\/\/dev.fertilityconsultants.ca\/fr\/quiz-meres-porteuses\/#primaryimage\"},\"image\":{\"@id\":\"https:\/\/dev.fertilityconsultants.ca\/fr\/quiz-meres-porteuses\/#primaryimage\"},\"thumbnailUrl\":\"https:\/\/dev.fertilityconsultants.ca\/wp-content\/uploads\/2021\/04\/CFC-Quiz-Image.jpg\",\"datePublished\":\"2021-04-12T17:50:01+00:00\",\"dateModified\":\"2022-10-11T18:00:27+00:00\",\"description\":\"Feriez-vous une excellente m\u00e8re porteuse ? R\u00e9pondez \u00e0 notre petit questionnaire pour le savoir !\",\"breadcrumb\":{\"@id\":\"https:\/\/dev.fertilityconsultants.ca\/fr\/quiz-meres-porteuses\/#breadcrumb\"},\"inLanguage\":\"fr-FR\",\"potentialAction\":[{\"@type\":\"ReadAction\",\"target\":[\"https:\/\/dev.fertilityconsultants.ca\/fr\/quiz-meres-porteuses\/\"]}]},{\"@type\":\"ImageObject\",\"inLanguage\":\"fr-FR\",\"@id\":\"https:\/\/dev.fertilityconsultants.ca\/fr\/quiz-meres-porteuses\/#primaryimage\",\"url\":\"https:\/\/dev.fertilityconsultants.ca\/wp-content\/uploads\/2021\/04\/CFC-Quiz-Image.jpg\",\"contentUrl\":\"https:\/\/dev.fertilityconsultants.ca\/wp-content\/uploads\/2021\/04\/CFC-Quiz-Image.jpg\",\"width\":400,\"height\":267,\"caption\":\"surrogate mother holding her pregnant belly\"},{\"@type\":\"BreadcrumbList\",\"@id\":\"https:\/\/dev.fertilityconsultants.ca\/fr\/quiz-meres-porteuses\/#breadcrumb\",\"itemListElement\":[{\"@type\":\"ListItem\",\"position\":1,\"name\":\"Home\",\"item\":\"https:\/\/dev.fertilityconsultants.ca\/fr\/accueil\/\"},{\"@type\":\"ListItem\",\"position\":2,\"name\":\"[Quiz] CFC Do you qualify to become a surrogate? [FR]\"}]},{\"@type\":\"WebSite\",\"@id\":\"https:\/\/dev.fertilityconsultants.ca\/fr\/#website\",\"url\":\"https:\/\/dev.fertilityconsultants.ca\/fr\/\",\"name\":\"Canadian Fertility Consulting\",\"description\":\"Families Built with Love\",\"publisher\":{\"@id\":\"https:\/\/dev.fertilityconsultants.ca\/fr\/#organization\"},\"potentialAction\":[{\"@type\":\"SearchAction\",\"target\":{\"@type\":\"EntryPoint\",\"urlTemplate\":\"https:\/\/dev.fertilityconsultants.ca\/fr\/?s={search_term_string}\"},\"query-input\":{\"@type\":\"PropertyValueSpecification\",\"valueRequired\":true,\"valueName\":\"search_term_string\"}}],\"inLanguage\":\"fr-FR\"},{\"@type\":\"Organization\",\"@id\":\"https:\/\/dev.fertilityconsultants.ca\/fr\/#organization\",\"name\":\"Canadian Fertility Consulting\",\"url\":\"https:\/\/dev.fertilityconsultants.ca\/fr\/\",\"logo\":{\"@type\":\"ImageObject\",\"inLanguage\":\"fr-FR\",\"@id\":\"https:\/\/dev.fertilityconsultants.ca\/fr\/#\/schema\/logo\/image\/\",\"url\":\"https:\/\/dev.fertilityconsultants.ca\/wp-content\/uploads\/2022\/12\/Screenshot-2022-12-08-at-2.55.35-PM.png\",\"contentUrl\":\"https:\/\/dev.fertilityconsultants.ca\/wp-content\/uploads\/2022\/12\/Screenshot-2022-12-08-at-2.55.35-PM.png\",\"width\":2700,\"height\":752,\"caption\":\"Canadian Fertility Consulting\"},\"image\":{\"@id\":\"https:\/\/dev.fertilityconsultants.ca\/fr\/#\/schema\/logo\/image\/\"},\"sameAs\":[\"https:\/\/www.facebook.com\/CanadianSurrogacy\/\",\"https:\/\/www.instagram.com\/cfc.families\/\",\"https:\/\/www.tiktok.com\/@cfc.families?lang=en\"]}]}<\/script>\n<!-- \/ Yoast SEO plugin. -->","yoast_head_json":{"title":"QUIZ: \u00cates-vous qualifi\u00e9 pour devenir une m\u00e8re porteuse ?","description":"Feriez-vous une excellente m\u00e8re porteuse ? R\u00e9pondez \u00e0 notre petit questionnaire pour le savoir !","robots":{"index":"noindex","follow":"nofollow"},"og_locale":"fr_FR","og_type":"article","og_title":"QUIZ: \u00cates-vous qualifi\u00e9 pour devenir une m\u00e8re porteuse ?","og_description":"Feriez-vous une excellente m\u00e8re porteuse ? R\u00e9pondez \u00e0 notre petit questionnaire pour le savoir !","og_url":"https:\/\/dev.fertilityconsultants.ca\/fr\/quiz-meres-porteuses\/","og_site_name":"Canadian Fertility Consulting","article_publisher":"https:\/\/www.facebook.com\/CanadianSurrogacy\/","article_modified_time":"2022-10-11T18:00:27+00:00","og_image":[{"width":400,"height":267,"url":"https:\/\/dev.fertilityconsultants.ca\/wp-content\/uploads\/2021\/04\/CFC-Quiz-Image.jpg","type":"image\/jpeg"}],"twitter_card":"summary_large_image","twitter_misc":{"Dur\u00e9e de lecture estim\u00e9e":"2 minutes"},"schema":{"@context":"https:\/\/schema.org","@graph":[{"@type":"WebPage","@id":"https:\/\/dev.fertilityconsultants.ca\/fr\/quiz-meres-porteuses\/","url":"https:\/\/dev.fertilityconsultants.ca\/fr\/quiz-meres-porteuses\/","name":"QUIZ: \u00cates-vous qualifi\u00e9 pour devenir une m\u00e8re porteuse ?","isPartOf":{"@id":"https:\/\/dev.fertilityconsultants.ca\/fr\/#website"},"primaryImageOfPage":{"@id":"https:\/\/dev.fertilityconsultants.ca\/fr\/quiz-meres-porteuses\/#primaryimage"},"image":{"@id":"https:\/\/dev.fertilityconsultants.ca\/fr\/quiz-meres-porteuses\/#primaryimage"},"thumbnailUrl":"https:\/\/dev.fertilityconsultants.ca\/wp-content\/uploads\/2021\/04\/CFC-Quiz-Image.jpg","datePublished":"2021-04-12T17:50:01+00:00","dateModified":"2022-10-11T18:00:27+00:00","description":"Feriez-vous une excellente m\u00e8re porteuse ? R\u00e9pondez \u00e0 notre petit questionnaire pour le savoir !","breadcrumb":{"@id":"https:\/\/dev.fertilityconsultants.ca\/fr\/quiz-meres-porteuses\/#breadcrumb"},"inLanguage":"fr-FR","potentialAction":[{"@type":"ReadAction","target":["https:\/\/dev.fertilityconsultants.ca\/fr\/quiz-meres-porteuses\/"]}]},{"@type":"ImageObject","inLanguage":"fr-FR","@id":"https:\/\/dev.fertilityconsultants.ca\/fr\/quiz-meres-porteuses\/#primaryimage","url":"https:\/\/dev.fertilityconsultants.ca\/wp-content\/uploads\/2021\/04\/CFC-Quiz-Image.jpg","contentUrl":"https:\/\/dev.fertilityconsultants.ca\/wp-content\/uploads\/2021\/04\/CFC-Quiz-Image.jpg","width":400,"height":267,"caption":"surrogate mother holding her pregnant belly"},{"@type":"BreadcrumbList","@id":"https:\/\/dev.fertilityconsultants.ca\/fr\/quiz-meres-porteuses\/#breadcrumb","itemListElement":[{"@type":"ListItem","position":1,"name":"Home","item":"https:\/\/dev.fertilityconsultants.ca\/fr\/accueil\/"},{"@type":"ListItem","position":2,"name":"[Quiz] CFC Do you qualify to become a surrogate? [FR]"}]},{"@type":"WebSite","@id":"https:\/\/dev.fertilityconsultants.ca\/fr\/#website","url":"https:\/\/dev.fertilityconsultants.ca\/fr\/","name":"Canadian Fertility Consulting","description":"Families Built with Love","publisher":{"@id":"https:\/\/dev.fertilityconsultants.ca\/fr\/#organization"},"potentialAction":[{"@type":"SearchAction","target":{"@type":"EntryPoint","urlTemplate":"https:\/\/dev.fertilityconsultants.ca\/fr\/?s={search_term_string}"},"query-input":{"@type":"PropertyValueSpecification","valueRequired":true,"valueName":"search_term_string"}}],"inLanguage":"fr-FR"},{"@type":"Organization","@id":"https:\/\/dev.fertilityconsultants.ca\/fr\/#organization","name":"Canadian Fertility Consulting","url":"https:\/\/dev.fertilityconsultants.ca\/fr\/","logo":{"@type":"ImageObject","inLanguage":"fr-FR","@id":"https:\/\/dev.fertilityconsultants.ca\/fr\/#\/schema\/logo\/image\/","url":"https:\/\/dev.fertilityconsultants.ca\/wp-content\/uploads\/2022\/12\/Screenshot-2022-12-08-at-2.55.35-PM.png","contentUrl":"https:\/\/dev.fertilityconsultants.ca\/wp-content\/uploads\/2022\/12\/Screenshot-2022-12-08-at-2.55.35-PM.png","width":2700,"height":752,"caption":"Canadian Fertility Consulting"},"image":{"@id":"https:\/\/dev.fertilityconsultants.ca\/fr\/#\/schema\/logo\/image\/"},"sameAs":["https:\/\/www.facebook.com\/CanadianSurrogacy\/","https:\/\/www.instagram.com\/cfc.families\/","https:\/\/www.tiktok.com\/@cfc.families?lang=en"]}]}},"_links":{"self":[{"href":"https:\/\/dev.fertilityconsultants.ca\/fr\/wp-json\/wp\/v2\/pages\/20107"}],"collection":[{"href":"https:\/\/dev.fertilityconsultants.ca\/fr\/wp-json\/wp\/v2\/pages"}],"about":[{"href":"https:\/\/dev.fertilityconsultants.ca\/fr\/wp-json\/wp\/v2\/types\/page"}],"author":[{"embeddable":true,"href":"https:\/\/dev.fertilityconsultants.ca\/fr\/wp-json\/wp\/v2\/users\/33449"}],"replies":[{"embeddable":true,"href":"https:\/\/dev.fertilityconsultants.ca\/fr\/wp-json\/wp\/v2\/comments?post=20107"}],"version-history":[{"count":9,"href":"https:\/\/dev.fertilityconsultants.ca\/fr\/wp-json\/wp\/v2\/pages\/20107\/revisions"}],"predecessor-version":[{"id":59088,"href":"https:\/\/dev.fertilityconsultants.ca\/fr\/wp-json\/wp\/v2\/pages\/20107\/revisions\/59088"}],"wp:featuredmedia":[{"embeddable":true,"href":"https:\/\/dev.fertilityconsultants.ca\/fr\/wp-json\/wp\/v2\/media\/20247"}],"wp:attachment":[{"href":"https:\/\/dev.fertilityconsultants.ca\/fr\/wp-json\/wp\/v2\/media?parent=20107"}],"wp:term":[{"taxonomy":"wf_page_folders","embeddable":true,"href":"https:\/\/dev.fertilityconsultants.ca\/fr\/wp-json\/wp\/v2\/wf_page_folders?post=20107"}],"curies":[{"name":"wp","href":"https:\/\/api.w.org\/{rel}","templated":true}]}}