{"id":25780,"date":"2016-11-08T03:55:19","date_gmt":"2016-11-08T03:55:19","guid":{"rendered":"https:\/\/dev.fertilityconsultants.ca\/surrogacy-agency\/"},"modified":"2021-10-06T16:53:09","modified_gmt":"2021-10-06T20:53:09","slug":"agence-de-meres-porteuses","status":"publish","type":"page","link":"https:\/\/dev.fertilityconsultants.ca\/fr\/agence-de-meres-porteuses\/","title":{"rendered":"About CFC [FR]"},"content":{"rendered":"<div id=\"cs-content\" class=\"cs-content\"><\/div>\n","protected":false},"excerpt":{"rendered":"<p>\u00c0 propos de Canadian Fertility ConsultingLa plus grande agence de maternit\u00e9 de substitution et de don d\u2019ovules du Canada.Qui nous sommesNous construisons des famillesCanadian Fertility Consulting (CFC) est une agence &#8230; <\/p>\n<div><a href=\"https:\/\/dev.fertilityconsultants.ca\/fr\/agence-de-meres-porteuses\/\" class=\"more-link\">Read More<\/a><\/div>\n","protected":false},"author":33449,"featured_media":0,"parent":0,"menu_order":0,"comment_status":"closed","ping_status":"closed","template":"template-blank-4.php","meta":{"footnotes":""},"wf_page_folders":[430],"class_list":["post-25780","page","type-page","status-publish","hentry","no-post-thumbnail"],"yoast_head":"<!-- This site is optimized with the Yoast SEO plugin v23.5 - https:\/\/yoast.com\/wordpress\/plugins\/seo\/ -->\n<title>\u00c0 propos | Canadian Fertility Consultants<\/title>\n<meta name=\"description\" content=\"Canadian Fertility Consulting a aid\u00e9 des milliers de parents \u00e0 r\u00e9aliser leur r\u00eave de fonder une famille gr\u00e2ce \u00e0 la maternit\u00e9 de substitution et au don d\u2019ovules.\" \/>\n<meta name=\"robots\" content=\"noindex, follow, max-snippet:-1, max-image-preview:large, max-video-preview:-1\" \/>\n<meta property=\"og:locale\" content=\"fr_FR\" \/>\n<meta property=\"og:type\" content=\"article\" \/>\n<meta property=\"og:title\" content=\"\u00c0 propos | Canadian Fertility Consultants\" \/>\n<meta property=\"og:description\" content=\"Canadian Fertility Consulting a aid\u00e9 des milliers de parents \u00e0 r\u00e9aliser leur r\u00eave de fonder une famille gr\u00e2ce \u00e0 la maternit\u00e9 de substitution et au don d\u2019ovules.\" \/>\n<meta property=\"og:url\" content=\"https:\/\/dev.fertilityconsultants.ca\/fr\/agence-de-meres-porteuses\/\" \/>\n<meta property=\"og:site_name\" content=\"Canadian Fertility Consulting\" \/>\n<meta property=\"article:publisher\" content=\"https:\/\/www.facebook.com\/CanadianSurrogacy\/\" \/>\n<meta property=\"article:modified_time\" content=\"2021-10-06T20:53:09+00:00\" \/>\n<meta name=\"twitter:card\" content=\"summary_large_image\" \/>\n<meta name=\"twitter:label1\" content=\"Dur\u00e9e de lecture estim\u00e9e\" \/>\n\t<meta name=\"twitter:data1\" content=\"3 minutes\" \/>\n<script type=\"application\/ld+json\" class=\"yoast-schema-graph\">{\"@context\":\"https:\/\/schema.org\",\"@graph\":[{\"@type\":\"WebPage\",\"@id\":\"https:\/\/dev.fertilityconsultants.ca\/fr\/agence-de-meres-porteuses\/\",\"url\":\"https:\/\/dev.fertilityconsultants.ca\/fr\/agence-de-meres-porteuses\/\",\"name\":\"\u00c0 propos | Canadian Fertility Consultants\",\"isPartOf\":{\"@id\":\"https:\/\/dev.fertilityconsultants.ca\/fr\/#website\"},\"datePublished\":\"2016-11-08T03:55:19+00:00\",\"dateModified\":\"2021-10-06T20:53:09+00:00\",\"description\":\"Canadian Fertility Consulting a aid\u00e9 des milliers de parents \u00e0 r\u00e9aliser leur r\u00eave de fonder une famille gr\u00e2ce \u00e0 la maternit\u00e9 de substitution et au don d\u2019ovules.\",\"breadcrumb\":{\"@id\":\"https:\/\/dev.fertilityconsultants.ca\/fr\/agence-de-meres-porteuses\/#breadcrumb\"},\"inLanguage\":\"fr-FR\",\"potentialAction\":[{\"@type\":\"ReadAction\",\"target\":[\"https:\/\/dev.fertilityconsultants.ca\/fr\/agence-de-meres-porteuses\/\"]}]},{\"@type\":\"BreadcrumbList\",\"@id\":\"https:\/\/dev.fertilityconsultants.ca\/fr\/agence-de-meres-porteuses\/#breadcrumb\",\"itemListElement\":[{\"@type\":\"ListItem\",\"position\":1,\"name\":\"Home\",\"item\":\"https:\/\/dev.fertilityconsultants.ca\/fr\/accueil\/\"},{\"@type\":\"ListItem\",\"position\":2,\"name\":\"About CFC [FR]\"}]},{\"@type\":\"WebSite\",\"@id\":\"https:\/\/dev.fertilityconsultants.ca\/fr\/#website\",\"url\":\"https:\/\/dev.fertilityconsultants.ca\/fr\/\",\"name\":\"Canadian Fertility Consulting\",\"description\":\"Families Built with Love\",\"publisher\":{\"@id\":\"https:\/\/dev.fertilityconsultants.ca\/fr\/#organization\"},\"potentialAction\":[{\"@type\":\"SearchAction\",\"target\":{\"@type\":\"EntryPoint\",\"urlTemplate\":\"https:\/\/dev.fertilityconsultants.ca\/fr\/?s={search_term_string}\"},\"query-input\":{\"@type\":\"PropertyValueSpecification\",\"valueRequired\":true,\"valueName\":\"search_term_string\"}}],\"inLanguage\":\"fr-FR\"},{\"@type\":\"Organization\",\"@id\":\"https:\/\/dev.fertilityconsultants.ca\/fr\/#organization\",\"name\":\"Canadian Fertility Consulting\",\"url\":\"https:\/\/dev.fertilityconsultants.ca\/fr\/\",\"logo\":{\"@type\":\"ImageObject\",\"inLanguage\":\"fr-FR\",\"@id\":\"https:\/\/dev.fertilityconsultants.ca\/fr\/#\/schema\/logo\/image\/\",\"url\":\"https:\/\/dev.fertilityconsultants.ca\/wp-content\/uploads\/2022\/12\/Screenshot-2022-12-08-at-2.55.35-PM.png\",\"contentUrl\":\"https:\/\/dev.fertilityconsultants.ca\/wp-content\/uploads\/2022\/12\/Screenshot-2022-12-08-at-2.55.35-PM.png\",\"width\":2700,\"height\":752,\"caption\":\"Canadian Fertility Consulting\"},\"image\":{\"@id\":\"https:\/\/dev.fertilityconsultants.ca\/fr\/#\/schema\/logo\/image\/\"},\"sameAs\":[\"https:\/\/www.facebook.com\/CanadianSurrogacy\/\",\"https:\/\/www.instagram.com\/cfc.families\/\",\"https:\/\/www.tiktok.com\/@cfc.families?lang=en\"]}]}<\/script>\n<!-- \/ Yoast SEO plugin. -->","yoast_head_json":{"title":"\u00c0 propos | Canadian Fertility Consultants","description":"Canadian Fertility Consulting a aid\u00e9 des milliers de parents \u00e0 r\u00e9aliser leur r\u00eave de fonder une famille gr\u00e2ce \u00e0 la maternit\u00e9 de substitution et au don d\u2019ovules.","robots":{"index":"noindex","follow":"follow","max-snippet":"max-snippet:-1","max-image-preview":"max-image-preview:large","max-video-preview":"max-video-preview:-1"},"og_locale":"fr_FR","og_type":"article","og_title":"\u00c0 propos | Canadian Fertility Consultants","og_description":"Canadian Fertility Consulting a aid\u00e9 des milliers de parents \u00e0 r\u00e9aliser leur r\u00eave de fonder une famille gr\u00e2ce \u00e0 la maternit\u00e9 de substitution et au don d\u2019ovules.","og_url":"https:\/\/dev.fertilityconsultants.ca\/fr\/agence-de-meres-porteuses\/","og_site_name":"Canadian Fertility Consulting","article_publisher":"https:\/\/www.facebook.com\/CanadianSurrogacy\/","article_modified_time":"2021-10-06T20:53:09+00:00","twitter_card":"summary_large_image","twitter_misc":{"Dur\u00e9e de lecture estim\u00e9e":"3 minutes"},"schema":{"@context":"https:\/\/schema.org","@graph":[{"@type":"WebPage","@id":"https:\/\/dev.fertilityconsultants.ca\/fr\/agence-de-meres-porteuses\/","url":"https:\/\/dev.fertilityconsultants.ca\/fr\/agence-de-meres-porteuses\/","name":"\u00c0 propos | Canadian Fertility Consultants","isPartOf":{"@id":"https:\/\/dev.fertilityconsultants.ca\/fr\/#website"},"datePublished":"2016-11-08T03:55:19+00:00","dateModified":"2021-10-06T20:53:09+00:00","description":"Canadian Fertility Consulting a aid\u00e9 des milliers de parents \u00e0 r\u00e9aliser leur r\u00eave de fonder une famille gr\u00e2ce \u00e0 la maternit\u00e9 de substitution et au don d\u2019ovules.","breadcrumb":{"@id":"https:\/\/dev.fertilityconsultants.ca\/fr\/agence-de-meres-porteuses\/#breadcrumb"},"inLanguage":"fr-FR","potentialAction":[{"@type":"ReadAction","target":["https:\/\/dev.fertilityconsultants.ca\/fr\/agence-de-meres-porteuses\/"]}]},{"@type":"BreadcrumbList","@id":"https:\/\/dev.fertilityconsultants.ca\/fr\/agence-de-meres-porteuses\/#breadcrumb","itemListElement":[{"@type":"ListItem","position":1,"name":"Home","item":"https:\/\/dev.fertilityconsultants.ca\/fr\/accueil\/"},{"@type":"ListItem","position":2,"name":"About CFC [FR]"}]},{"@type":"WebSite","@id":"https:\/\/dev.fertilityconsultants.ca\/fr\/#website","url":"https:\/\/dev.fertilityconsultants.ca\/fr\/","name":"Canadian Fertility Consulting","description":"Families Built with Love","publisher":{"@id":"https:\/\/dev.fertilityconsultants.ca\/fr\/#organization"},"potentialAction":[{"@type":"SearchAction","target":{"@type":"EntryPoint","urlTemplate":"https:\/\/dev.fertilityconsultants.ca\/fr\/?s={search_term_string}"},"query-input":{"@type":"PropertyValueSpecification","valueRequired":true,"valueName":"search_term_string"}}],"inLanguage":"fr-FR"},{"@type":"Organization","@id":"https:\/\/dev.fertilityconsultants.ca\/fr\/#organization","name":"Canadian Fertility Consulting","url":"https:\/\/dev.fertilityconsultants.ca\/fr\/","logo":{"@type":"ImageObject","inLanguage":"fr-FR","@id":"https:\/\/dev.fertilityconsultants.ca\/fr\/#\/schema\/logo\/image\/","url":"https:\/\/dev.fertilityconsultants.ca\/wp-content\/uploads\/2022\/12\/Screenshot-2022-12-08-at-2.55.35-PM.png","contentUrl":"https:\/\/dev.fertilityconsultants.ca\/wp-content\/uploads\/2022\/12\/Screenshot-2022-12-08-at-2.55.35-PM.png","width":2700,"height":752,"caption":"Canadian Fertility Consulting"},"image":{"@id":"https:\/\/dev.fertilityconsultants.ca\/fr\/#\/schema\/logo\/image\/"},"sameAs":["https:\/\/www.facebook.com\/CanadianSurrogacy\/","https:\/\/www.instagram.com\/cfc.families\/","https:\/\/www.tiktok.com\/@cfc.families?lang=en"]}]}},"_links":{"self":[{"href":"https:\/\/dev.fertilityconsultants.ca\/fr\/wp-json\/wp\/v2\/pages\/25780"}],"collection":[{"href":"https:\/\/dev.fertilityconsultants.ca\/fr\/wp-json\/wp\/v2\/pages"}],"about":[{"href":"https:\/\/dev.fertilityconsultants.ca\/fr\/wp-json\/wp\/v2\/types\/page"}],"author":[{"embeddable":true,"href":"https:\/\/dev.fertilityconsultants.ca\/fr\/wp-json\/wp\/v2\/users\/33449"}],"replies":[{"embeddable":true,"href":"https:\/\/dev.fertilityconsultants.ca\/fr\/wp-json\/wp\/v2\/comments?post=25780"}],"version-history":[{"count":11,"href":"https:\/\/dev.fertilityconsultants.ca\/fr\/wp-json\/wp\/v2\/pages\/25780\/revisions"}],"predecessor-version":[{"id":32015,"href":"https:\/\/dev.fertilityconsultants.ca\/fr\/wp-json\/wp\/v2\/pages\/25780\/revisions\/32015"}],"wp:attachment":[{"href":"https:\/\/dev.fertilityconsultants.ca\/fr\/wp-json\/wp\/v2\/media?parent=25780"}],"wp:term":[{"taxonomy":"wf_page_folders","embeddable":true,"href":"https:\/\/dev.fertilityconsultants.ca\/fr\/wp-json\/wp\/v2\/wf_page_folders?post=25780"}],"curies":[{"name":"wp","href":"https:\/\/api.w.org\/{rel}","templated":true}]}}