{"id":25901,"date":"2018-01-14T20:49:47","date_gmt":"2018-01-15T01:49:47","guid":{"rendered":"https:\/\/dev.fertilityconsultants.ca\/law-surrogacy-canada\/"},"modified":"2021-07-16T16:58:29","modified_gmt":"2021-07-16T20:58:29","slug":"loi-meres-porteuses-canada","status":"publish","type":"page","link":"https:\/\/dev.fertilityconsultants.ca\/fr\/loi-meres-porteuses-canada\/","title":{"rendered":"The Law: Surrogacy in Canada [FR]"},"content":{"rendered":"<div id=\"cs-content\" class=\"cs-content\"><\/div>\n","protected":false},"excerpt":{"rendered":"<p>La loi : La maternit\u00e9 de substitution au CanadaLe Canada offre l\u2019un des climats juridiques les plus favorables aux accords de maternit\u00e9 de substitution et de don d\u2019ovules, et des &#8230; <\/p>\n<div><a href=\"https:\/\/dev.fertilityconsultants.ca\/fr\/loi-meres-porteuses-canada\/\" class=\"more-link\">Read More<\/a><\/div>\n","protected":false},"author":3,"featured_media":0,"parent":0,"menu_order":0,"comment_status":"closed","ping_status":"closed","template":"template-blank-4.php","meta":{"footnotes":""},"wf_page_folders":[430],"class_list":["post-25901","page","type-page","status-publish","hentry","no-post-thumbnail"],"yoast_head":"<!-- This site is optimized with the Yoast SEO plugin v23.5 - https:\/\/yoast.com\/wordpress\/plugins\/seo\/ -->\n<title>La loi : La maternit\u00e9 de substitution au Canada | CFC<\/title>\n<meta name=\"description\" content=\"La maternit\u00e9 de substitution est l\u00e9gale au Canada. Les CFC peuvent vous aider \u00e0 cr\u00e9er votre famille en toute s\u00e9curit\u00e9 gr\u00e2ce \u00e0 la maternit\u00e9 de substitution.\" \/>\n<meta name=\"robots\" content=\"noindex, follow, max-snippet:-1, max-image-preview:large, max-video-preview:-1\" \/>\n<meta property=\"og:locale\" content=\"fr_FR\" \/>\n<meta property=\"og:type\" content=\"article\" \/>\n<meta property=\"og:title\" content=\"La loi : La maternit\u00e9 de substitution au Canada | CFC\" \/>\n<meta property=\"og:description\" content=\"La maternit\u00e9 de substitution est l\u00e9gale au Canada. Les CFC peuvent vous aider \u00e0 cr\u00e9er votre famille en toute s\u00e9curit\u00e9 gr\u00e2ce \u00e0 la maternit\u00e9 de substitution.\" \/>\n<meta property=\"og:url\" content=\"https:\/\/dev.fertilityconsultants.ca\/fr\/loi-meres-porteuses-canada\/\" \/>\n<meta property=\"og:site_name\" content=\"Canadian Fertility Consulting\" \/>\n<meta property=\"article:publisher\" content=\"https:\/\/www.facebook.com\/CanadianSurrogacy\/\" \/>\n<meta property=\"article:modified_time\" content=\"2021-07-16T20:58:29+00:00\" \/>\n<meta name=\"twitter:card\" content=\"summary_large_image\" \/>\n<meta name=\"twitter:label1\" content=\"Dur\u00e9e de lecture estim\u00e9e\" \/>\n\t<meta name=\"twitter:data1\" content=\"2 minutes\" \/>\n<script type=\"application\/ld+json\" class=\"yoast-schema-graph\">{\"@context\":\"https:\/\/schema.org\",\"@graph\":[{\"@type\":\"WebPage\",\"@id\":\"https:\/\/dev.fertilityconsultants.ca\/fr\/loi-meres-porteuses-canada\/\",\"url\":\"https:\/\/dev.fertilityconsultants.ca\/fr\/loi-meres-porteuses-canada\/\",\"name\":\"La loi : La maternit\u00e9 de substitution au Canada | CFC\",\"isPartOf\":{\"@id\":\"https:\/\/dev.fertilityconsultants.ca\/fr\/#website\"},\"datePublished\":\"2018-01-15T01:49:47+00:00\",\"dateModified\":\"2021-07-16T20:58:29+00:00\",\"description\":\"La maternit\u00e9 de substitution est l\u00e9gale au Canada. Les CFC peuvent vous aider \u00e0 cr\u00e9er votre famille en toute s\u00e9curit\u00e9 gr\u00e2ce \u00e0 la maternit\u00e9 de substitution.\",\"breadcrumb\":{\"@id\":\"https:\/\/dev.fertilityconsultants.ca\/fr\/loi-meres-porteuses-canada\/#breadcrumb\"},\"inLanguage\":\"fr-FR\",\"potentialAction\":[{\"@type\":\"ReadAction\",\"target\":[\"https:\/\/dev.fertilityconsultants.ca\/fr\/loi-meres-porteuses-canada\/\"]}]},{\"@type\":\"BreadcrumbList\",\"@id\":\"https:\/\/dev.fertilityconsultants.ca\/fr\/loi-meres-porteuses-canada\/#breadcrumb\",\"itemListElement\":[{\"@type\":\"ListItem\",\"position\":1,\"name\":\"Home\",\"item\":\"https:\/\/dev.fertilityconsultants.ca\/fr\/accueil\/\"},{\"@type\":\"ListItem\",\"position\":2,\"name\":\"The Law: Surrogacy in Canada [FR]\"}]},{\"@type\":\"WebSite\",\"@id\":\"https:\/\/dev.fertilityconsultants.ca\/fr\/#website\",\"url\":\"https:\/\/dev.fertilityconsultants.ca\/fr\/\",\"name\":\"Canadian Fertility Consulting\",\"description\":\"Families Built with Love\",\"publisher\":{\"@id\":\"https:\/\/dev.fertilityconsultants.ca\/fr\/#organization\"},\"potentialAction\":[{\"@type\":\"SearchAction\",\"target\":{\"@type\":\"EntryPoint\",\"urlTemplate\":\"https:\/\/dev.fertilityconsultants.ca\/fr\/?s={search_term_string}\"},\"query-input\":{\"@type\":\"PropertyValueSpecification\",\"valueRequired\":true,\"valueName\":\"search_term_string\"}}],\"inLanguage\":\"fr-FR\"},{\"@type\":\"Organization\",\"@id\":\"https:\/\/dev.fertilityconsultants.ca\/fr\/#organization\",\"name\":\"Canadian Fertility Consulting\",\"url\":\"https:\/\/dev.fertilityconsultants.ca\/fr\/\",\"logo\":{\"@type\":\"ImageObject\",\"inLanguage\":\"fr-FR\",\"@id\":\"https:\/\/dev.fertilityconsultants.ca\/fr\/#\/schema\/logo\/image\/\",\"url\":\"https:\/\/dev.fertilityconsultants.ca\/wp-content\/uploads\/2022\/12\/Screenshot-2022-12-08-at-2.55.35-PM.png\",\"contentUrl\":\"https:\/\/dev.fertilityconsultants.ca\/wp-content\/uploads\/2022\/12\/Screenshot-2022-12-08-at-2.55.35-PM.png\",\"width\":2700,\"height\":752,\"caption\":\"Canadian Fertility Consulting\"},\"image\":{\"@id\":\"https:\/\/dev.fertilityconsultants.ca\/fr\/#\/schema\/logo\/image\/\"},\"sameAs\":[\"https:\/\/www.facebook.com\/CanadianSurrogacy\/\",\"https:\/\/www.instagram.com\/cfc.families\/\",\"https:\/\/www.tiktok.com\/@cfc.families?lang=en\"]}]}<\/script>\n<!-- \/ Yoast SEO plugin. -->","yoast_head_json":{"title":"La loi : La maternit\u00e9 de substitution au Canada | CFC","description":"La maternit\u00e9 de substitution est l\u00e9gale au Canada. Les CFC peuvent vous aider \u00e0 cr\u00e9er votre famille en toute s\u00e9curit\u00e9 gr\u00e2ce \u00e0 la maternit\u00e9 de substitution.","robots":{"index":"noindex","follow":"follow","max-snippet":"max-snippet:-1","max-image-preview":"max-image-preview:large","max-video-preview":"max-video-preview:-1"},"og_locale":"fr_FR","og_type":"article","og_title":"La loi : La maternit\u00e9 de substitution au Canada | CFC","og_description":"La maternit\u00e9 de substitution est l\u00e9gale au Canada. Les CFC peuvent vous aider \u00e0 cr\u00e9er votre famille en toute s\u00e9curit\u00e9 gr\u00e2ce \u00e0 la maternit\u00e9 de substitution.","og_url":"https:\/\/dev.fertilityconsultants.ca\/fr\/loi-meres-porteuses-canada\/","og_site_name":"Canadian Fertility Consulting","article_publisher":"https:\/\/www.facebook.com\/CanadianSurrogacy\/","article_modified_time":"2021-07-16T20:58:29+00:00","twitter_card":"summary_large_image","twitter_misc":{"Dur\u00e9e de lecture estim\u00e9e":"2 minutes"},"schema":{"@context":"https:\/\/schema.org","@graph":[{"@type":"WebPage","@id":"https:\/\/dev.fertilityconsultants.ca\/fr\/loi-meres-porteuses-canada\/","url":"https:\/\/dev.fertilityconsultants.ca\/fr\/loi-meres-porteuses-canada\/","name":"La loi : La maternit\u00e9 de substitution au Canada | CFC","isPartOf":{"@id":"https:\/\/dev.fertilityconsultants.ca\/fr\/#website"},"datePublished":"2018-01-15T01:49:47+00:00","dateModified":"2021-07-16T20:58:29+00:00","description":"La maternit\u00e9 de substitution est l\u00e9gale au Canada. Les CFC peuvent vous aider \u00e0 cr\u00e9er votre famille en toute s\u00e9curit\u00e9 gr\u00e2ce \u00e0 la maternit\u00e9 de substitution.","breadcrumb":{"@id":"https:\/\/dev.fertilityconsultants.ca\/fr\/loi-meres-porteuses-canada\/#breadcrumb"},"inLanguage":"fr-FR","potentialAction":[{"@type":"ReadAction","target":["https:\/\/dev.fertilityconsultants.ca\/fr\/loi-meres-porteuses-canada\/"]}]},{"@type":"BreadcrumbList","@id":"https:\/\/dev.fertilityconsultants.ca\/fr\/loi-meres-porteuses-canada\/#breadcrumb","itemListElement":[{"@type":"ListItem","position":1,"name":"Home","item":"https:\/\/dev.fertilityconsultants.ca\/fr\/accueil\/"},{"@type":"ListItem","position":2,"name":"The Law: Surrogacy in Canada [FR]"}]},{"@type":"WebSite","@id":"https:\/\/dev.fertilityconsultants.ca\/fr\/#website","url":"https:\/\/dev.fertilityconsultants.ca\/fr\/","name":"Canadian Fertility Consulting","description":"Families Built with Love","publisher":{"@id":"https:\/\/dev.fertilityconsultants.ca\/fr\/#organization"},"potentialAction":[{"@type":"SearchAction","target":{"@type":"EntryPoint","urlTemplate":"https:\/\/dev.fertilityconsultants.ca\/fr\/?s={search_term_string}"},"query-input":{"@type":"PropertyValueSpecification","valueRequired":true,"valueName":"search_term_string"}}],"inLanguage":"fr-FR"},{"@type":"Organization","@id":"https:\/\/dev.fertilityconsultants.ca\/fr\/#organization","name":"Canadian Fertility Consulting","url":"https:\/\/dev.fertilityconsultants.ca\/fr\/","logo":{"@type":"ImageObject","inLanguage":"fr-FR","@id":"https:\/\/dev.fertilityconsultants.ca\/fr\/#\/schema\/logo\/image\/","url":"https:\/\/dev.fertilityconsultants.ca\/wp-content\/uploads\/2022\/12\/Screenshot-2022-12-08-at-2.55.35-PM.png","contentUrl":"https:\/\/dev.fertilityconsultants.ca\/wp-content\/uploads\/2022\/12\/Screenshot-2022-12-08-at-2.55.35-PM.png","width":2700,"height":752,"caption":"Canadian Fertility Consulting"},"image":{"@id":"https:\/\/dev.fertilityconsultants.ca\/fr\/#\/schema\/logo\/image\/"},"sameAs":["https:\/\/www.facebook.com\/CanadianSurrogacy\/","https:\/\/www.instagram.com\/cfc.families\/","https:\/\/www.tiktok.com\/@cfc.families?lang=en"]}]}},"_links":{"self":[{"href":"https:\/\/dev.fertilityconsultants.ca\/fr\/wp-json\/wp\/v2\/pages\/25901"}],"collection":[{"href":"https:\/\/dev.fertilityconsultants.ca\/fr\/wp-json\/wp\/v2\/pages"}],"about":[{"href":"https:\/\/dev.fertilityconsultants.ca\/fr\/wp-json\/wp\/v2\/types\/page"}],"author":[{"embeddable":true,"href":"https:\/\/dev.fertilityconsultants.ca\/fr\/wp-json\/wp\/v2\/users\/3"}],"replies":[{"embeddable":true,"href":"https:\/\/dev.fertilityconsultants.ca\/fr\/wp-json\/wp\/v2\/comments?post=25901"}],"version-history":[{"count":5,"href":"https:\/\/dev.fertilityconsultants.ca\/fr\/wp-json\/wp\/v2\/pages\/25901\/revisions"}],"predecessor-version":[{"id":26276,"href":"https:\/\/dev.fertilityconsultants.ca\/fr\/wp-json\/wp\/v2\/pages\/25901\/revisions\/26276"}],"wp:attachment":[{"href":"https:\/\/dev.fertilityconsultants.ca\/fr\/wp-json\/wp\/v2\/media?parent=25901"}],"wp:term":[{"taxonomy":"wf_page_folders","embeddable":true,"href":"https:\/\/dev.fertilityconsultants.ca\/fr\/wp-json\/wp\/v2\/wf_page_folders?post=25901"}],"curies":[{"name":"wp","href":"https:\/\/api.w.org\/{rel}","templated":true}]}}