{"id":26019,"date":"2021-03-22T15:59:28","date_gmt":"2021-03-22T19:59:28","guid":{"rendered":"https:\/\/dev.fertilityconsultants.ca\/cfc-family-album\/"},"modified":"2021-07-16T16:56:42","modified_gmt":"2021-07-16T20:56:42","slug":"cfc-famille-album","status":"publish","type":"page","link":"https:\/\/dev.fertilityconsultants.ca\/fr\/cfc-famille-album\/","title":{"rendered":"CFC Family Album [FR]"},"content":{"rendered":"<div id=\"cs-content\" class=\"cs-content\"><\/div>\n","protected":false},"excerpt":{"rendered":"<p>Notre album de familleNous sommes &agrave; jamais redevables &agrave; la merveilleuse femme qui a port&eacute; Bauer pour nous. Notre famille est compl&egrave;te et nous nous sentons tellement b&eacute;nis d&rsquo;avoir un &#8230; <\/p>\n<div><a href=\"https:\/\/dev.fertilityconsultants.ca\/fr\/cfc-famille-album\/\" class=\"more-link\">Read More<\/a><\/div>\n","protected":false},"author":33449,"featured_media":0,"parent":0,"menu_order":0,"comment_status":"closed","ping_status":"closed","template":"template-blank-4.php","meta":{"footnotes":""},"wf_page_folders":[430],"class_list":["post-26019","page","type-page","status-publish","hentry","no-post-thumbnail"],"yoast_head":"<!-- This site is optimized with the Yoast SEO plugin v23.5 - https:\/\/yoast.com\/wordpress\/plugins\/seo\/ -->\n<title>Notre album de famille | Gestation pour autrui | CFC<\/title>\n<meta name=\"description\" content=\"Nous sommes honor\u00e9s d&#039;avoir particip\u00e9 \u00e0 la cr\u00e9ation de ces magnifiques familles. Voici une petite collection des photos que nos clients nous ont envoy\u00e9es.\" \/>\n<meta name=\"robots\" content=\"noindex, follow, max-snippet:-1, max-image-preview:large, max-video-preview:-1\" \/>\n<meta property=\"og:locale\" content=\"fr_FR\" \/>\n<meta property=\"og:type\" content=\"article\" \/>\n<meta property=\"og:title\" content=\"Notre album de famille | Gestation pour autrui | CFC\" \/>\n<meta property=\"og:description\" content=\"Nous sommes honor\u00e9s d&#039;avoir particip\u00e9 \u00e0 la cr\u00e9ation de ces magnifiques familles. Voici une petite collection des photos que nos clients nous ont envoy\u00e9es.\" \/>\n<meta property=\"og:url\" content=\"https:\/\/dev.fertilityconsultants.ca\/fr\/cfc-famille-album\/\" \/>\n<meta property=\"og:site_name\" content=\"Canadian Fertility Consulting\" \/>\n<meta property=\"article:publisher\" content=\"https:\/\/www.facebook.com\/CanadianSurrogacy\/\" \/>\n<meta property=\"article:modified_time\" content=\"2021-07-16T20:56:42+00:00\" \/>\n<meta property=\"og:image\" content=\"https:\/\/dev.fertilityconsultants.ca\/wp-content\/uploads\/2021\/03\/Untitled-1.png\" \/>\n<meta name=\"twitter:card\" content=\"summary_large_image\" \/>\n<meta name=\"twitter:label1\" content=\"Dur\u00e9e de lecture estim\u00e9e\" \/>\n\t<meta name=\"twitter:data1\" content=\"8 minutes\" \/>\n<script type=\"application\/ld+json\" class=\"yoast-schema-graph\">{\"@context\":\"https:\/\/schema.org\",\"@graph\":[{\"@type\":\"WebPage\",\"@id\":\"https:\/\/dev.fertilityconsultants.ca\/fr\/cfc-famille-album\/\",\"url\":\"https:\/\/dev.fertilityconsultants.ca\/fr\/cfc-famille-album\/\",\"name\":\"Notre album de famille | Gestation pour autrui | CFC\",\"isPartOf\":{\"@id\":\"https:\/\/dev.fertilityconsultants.ca\/fr\/#website\"},\"primaryImageOfPage\":{\"@id\":\"https:\/\/dev.fertilityconsultants.ca\/fr\/cfc-famille-album\/#primaryimage\"},\"image\":{\"@id\":\"https:\/\/dev.fertilityconsultants.ca\/fr\/cfc-famille-album\/#primaryimage\"},\"thumbnailUrl\":\"https:\/\/dev.fertilityconsultants.ca\/wp-content\/uploads\/2021\/03\/Untitled-1.png\",\"datePublished\":\"2021-03-22T19:59:28+00:00\",\"dateModified\":\"2021-07-16T20:56:42+00:00\",\"description\":\"Nous sommes honor\u00e9s d'avoir particip\u00e9 \u00e0 la cr\u00e9ation de ces magnifiques familles. Voici une petite collection des photos que nos clients nous ont envoy\u00e9es.\",\"breadcrumb\":{\"@id\":\"https:\/\/dev.fertilityconsultants.ca\/fr\/cfc-famille-album\/#breadcrumb\"},\"inLanguage\":\"fr-FR\",\"potentialAction\":[{\"@type\":\"ReadAction\",\"target\":[\"https:\/\/dev.fertilityconsultants.ca\/fr\/cfc-famille-album\/\"]}]},{\"@type\":\"ImageObject\",\"inLanguage\":\"fr-FR\",\"@id\":\"https:\/\/dev.fertilityconsultants.ca\/fr\/cfc-famille-album\/#primaryimage\",\"url\":\"https:\/\/dev.fertilityconsultants.ca\/wp-content\/uploads\/2021\/03\/Untitled-1.png\",\"contentUrl\":\"https:\/\/dev.fertilityconsultants.ca\/wp-content\/uploads\/2021\/03\/Untitled-1.png\"},{\"@type\":\"BreadcrumbList\",\"@id\":\"https:\/\/dev.fertilityconsultants.ca\/fr\/cfc-famille-album\/#breadcrumb\",\"itemListElement\":[{\"@type\":\"ListItem\",\"position\":1,\"name\":\"Home\",\"item\":\"https:\/\/dev.fertilityconsultants.ca\/fr\/accueil\/\"},{\"@type\":\"ListItem\",\"position\":2,\"name\":\"CFC Family Album [FR]\"}]},{\"@type\":\"WebSite\",\"@id\":\"https:\/\/dev.fertilityconsultants.ca\/fr\/#website\",\"url\":\"https:\/\/dev.fertilityconsultants.ca\/fr\/\",\"name\":\"Canadian Fertility Consulting\",\"description\":\"Families Built with Love\",\"publisher\":{\"@id\":\"https:\/\/dev.fertilityconsultants.ca\/fr\/#organization\"},\"potentialAction\":[{\"@type\":\"SearchAction\",\"target\":{\"@type\":\"EntryPoint\",\"urlTemplate\":\"https:\/\/dev.fertilityconsultants.ca\/fr\/?s={search_term_string}\"},\"query-input\":{\"@type\":\"PropertyValueSpecification\",\"valueRequired\":true,\"valueName\":\"search_term_string\"}}],\"inLanguage\":\"fr-FR\"},{\"@type\":\"Organization\",\"@id\":\"https:\/\/dev.fertilityconsultants.ca\/fr\/#organization\",\"name\":\"Canadian Fertility Consulting\",\"url\":\"https:\/\/dev.fertilityconsultants.ca\/fr\/\",\"logo\":{\"@type\":\"ImageObject\",\"inLanguage\":\"fr-FR\",\"@id\":\"https:\/\/dev.fertilityconsultants.ca\/fr\/#\/schema\/logo\/image\/\",\"url\":\"https:\/\/dev.fertilityconsultants.ca\/wp-content\/uploads\/2022\/12\/Screenshot-2022-12-08-at-2.55.35-PM.png\",\"contentUrl\":\"https:\/\/dev.fertilityconsultants.ca\/wp-content\/uploads\/2022\/12\/Screenshot-2022-12-08-at-2.55.35-PM.png\",\"width\":2700,\"height\":752,\"caption\":\"Canadian Fertility Consulting\"},\"image\":{\"@id\":\"https:\/\/dev.fertilityconsultants.ca\/fr\/#\/schema\/logo\/image\/\"},\"sameAs\":[\"https:\/\/www.facebook.com\/CanadianSurrogacy\/\",\"https:\/\/www.instagram.com\/cfc.families\/\",\"https:\/\/www.tiktok.com\/@cfc.families?lang=en\"]}]}<\/script>\n<!-- \/ Yoast SEO plugin. -->","yoast_head_json":{"title":"Notre album de famille | Gestation pour autrui | CFC","description":"Nous sommes honor\u00e9s d'avoir particip\u00e9 \u00e0 la cr\u00e9ation de ces magnifiques familles. Voici une petite collection des photos que nos clients nous ont envoy\u00e9es.","robots":{"index":"noindex","follow":"follow","max-snippet":"max-snippet:-1","max-image-preview":"max-image-preview:large","max-video-preview":"max-video-preview:-1"},"og_locale":"fr_FR","og_type":"article","og_title":"Notre album de famille | Gestation pour autrui | CFC","og_description":"Nous sommes honor\u00e9s d'avoir particip\u00e9 \u00e0 la cr\u00e9ation de ces magnifiques familles. Voici une petite collection des photos que nos clients nous ont envoy\u00e9es.","og_url":"https:\/\/dev.fertilityconsultants.ca\/fr\/cfc-famille-album\/","og_site_name":"Canadian Fertility Consulting","article_publisher":"https:\/\/www.facebook.com\/CanadianSurrogacy\/","article_modified_time":"2021-07-16T20:56:42+00:00","og_image":[{"url":"https:\/\/dev.fertilityconsultants.ca\/wp-content\/uploads\/2021\/03\/Untitled-1.png"}],"twitter_card":"summary_large_image","twitter_misc":{"Dur\u00e9e de lecture estim\u00e9e":"8 minutes"},"schema":{"@context":"https:\/\/schema.org","@graph":[{"@type":"WebPage","@id":"https:\/\/dev.fertilityconsultants.ca\/fr\/cfc-famille-album\/","url":"https:\/\/dev.fertilityconsultants.ca\/fr\/cfc-famille-album\/","name":"Notre album de famille | Gestation pour autrui | CFC","isPartOf":{"@id":"https:\/\/dev.fertilityconsultants.ca\/fr\/#website"},"primaryImageOfPage":{"@id":"https:\/\/dev.fertilityconsultants.ca\/fr\/cfc-famille-album\/#primaryimage"},"image":{"@id":"https:\/\/dev.fertilityconsultants.ca\/fr\/cfc-famille-album\/#primaryimage"},"thumbnailUrl":"https:\/\/dev.fertilityconsultants.ca\/wp-content\/uploads\/2021\/03\/Untitled-1.png","datePublished":"2021-03-22T19:59:28+00:00","dateModified":"2021-07-16T20:56:42+00:00","description":"Nous sommes honor\u00e9s d'avoir particip\u00e9 \u00e0 la cr\u00e9ation de ces magnifiques familles. Voici une petite collection des photos que nos clients nous ont envoy\u00e9es.","breadcrumb":{"@id":"https:\/\/dev.fertilityconsultants.ca\/fr\/cfc-famille-album\/#breadcrumb"},"inLanguage":"fr-FR","potentialAction":[{"@type":"ReadAction","target":["https:\/\/dev.fertilityconsultants.ca\/fr\/cfc-famille-album\/"]}]},{"@type":"ImageObject","inLanguage":"fr-FR","@id":"https:\/\/dev.fertilityconsultants.ca\/fr\/cfc-famille-album\/#primaryimage","url":"https:\/\/dev.fertilityconsultants.ca\/wp-content\/uploads\/2021\/03\/Untitled-1.png","contentUrl":"https:\/\/dev.fertilityconsultants.ca\/wp-content\/uploads\/2021\/03\/Untitled-1.png"},{"@type":"BreadcrumbList","@id":"https:\/\/dev.fertilityconsultants.ca\/fr\/cfc-famille-album\/#breadcrumb","itemListElement":[{"@type":"ListItem","position":1,"name":"Home","item":"https:\/\/dev.fertilityconsultants.ca\/fr\/accueil\/"},{"@type":"ListItem","position":2,"name":"CFC Family Album [FR]"}]},{"@type":"WebSite","@id":"https:\/\/dev.fertilityconsultants.ca\/fr\/#website","url":"https:\/\/dev.fertilityconsultants.ca\/fr\/","name":"Canadian Fertility Consulting","description":"Families Built with Love","publisher":{"@id":"https:\/\/dev.fertilityconsultants.ca\/fr\/#organization"},"potentialAction":[{"@type":"SearchAction","target":{"@type":"EntryPoint","urlTemplate":"https:\/\/dev.fertilityconsultants.ca\/fr\/?s={search_term_string}"},"query-input":{"@type":"PropertyValueSpecification","valueRequired":true,"valueName":"search_term_string"}}],"inLanguage":"fr-FR"},{"@type":"Organization","@id":"https:\/\/dev.fertilityconsultants.ca\/fr\/#organization","name":"Canadian Fertility Consulting","url":"https:\/\/dev.fertilityconsultants.ca\/fr\/","logo":{"@type":"ImageObject","inLanguage":"fr-FR","@id":"https:\/\/dev.fertilityconsultants.ca\/fr\/#\/schema\/logo\/image\/","url":"https:\/\/dev.fertilityconsultants.ca\/wp-content\/uploads\/2022\/12\/Screenshot-2022-12-08-at-2.55.35-PM.png","contentUrl":"https:\/\/dev.fertilityconsultants.ca\/wp-content\/uploads\/2022\/12\/Screenshot-2022-12-08-at-2.55.35-PM.png","width":2700,"height":752,"caption":"Canadian Fertility Consulting"},"image":{"@id":"https:\/\/dev.fertilityconsultants.ca\/fr\/#\/schema\/logo\/image\/"},"sameAs":["https:\/\/www.facebook.com\/CanadianSurrogacy\/","https:\/\/www.instagram.com\/cfc.families\/","https:\/\/www.tiktok.com\/@cfc.families?lang=en"]}]}},"_links":{"self":[{"href":"https:\/\/dev.fertilityconsultants.ca\/fr\/wp-json\/wp\/v2\/pages\/26019"}],"collection":[{"href":"https:\/\/dev.fertilityconsultants.ca\/fr\/wp-json\/wp\/v2\/pages"}],"about":[{"href":"https:\/\/dev.fertilityconsultants.ca\/fr\/wp-json\/wp\/v2\/types\/page"}],"author":[{"embeddable":true,"href":"https:\/\/dev.fertilityconsultants.ca\/fr\/wp-json\/wp\/v2\/users\/33449"}],"replies":[{"embeddable":true,"href":"https:\/\/dev.fertilityconsultants.ca\/fr\/wp-json\/wp\/v2\/comments?post=26019"}],"version-history":[{"count":4,"href":"https:\/\/dev.fertilityconsultants.ca\/fr\/wp-json\/wp\/v2\/pages\/26019\/revisions"}],"predecessor-version":[{"id":26266,"href":"https:\/\/dev.fertilityconsultants.ca\/fr\/wp-json\/wp\/v2\/pages\/26019\/revisions\/26266"}],"wp:attachment":[{"href":"https:\/\/dev.fertilityconsultants.ca\/fr\/wp-json\/wp\/v2\/media?parent=26019"}],"wp:term":[{"taxonomy":"wf_page_folders","embeddable":true,"href":"https:\/\/dev.fertilityconsultants.ca\/fr\/wp-json\/wp\/v2\/wf_page_folders?post=26019"}],"curies":[{"name":"wp","href":"https:\/\/api.w.org\/{rel}","templated":true}]}}