{"id":26057,"date":"2016-11-25T23:47:38","date_gmt":"2016-11-26T04:47:38","guid":{"rendered":"https:\/\/dev.fertilityconsultants.ca\/are-you-qualified-for-surrogacy-2\/"},"modified":"2021-12-01T18:50:55","modified_gmt":"2021-12-01T23:50:55","slug":"etes-vous-qualifie-pour-la-maternite-de-substitution","status":"publish","type":"page","link":"https:\/\/dev.fertilityconsultants.ca\/fr\/etes-vous-qualifie-pour-la-maternite-de-substitution\/","title":{"rendered":"Surrogate Application [FR]"},"content":{"rendered":"<div id=\"cs-content\" class=\"cs-content\"><\/div>\n","protected":false},"excerpt":{"rendered":"<p>Formulaire de candidature de la m\u00e8re porteuseNos m\u00e8res porteuses sont les plus heureuses du Canada. D\u00e9couvrez pourquoi !Changer la vie de quelqu\u2019un \u00e0 jamaisPostulez pour devenir une m\u00e8re porteuse d\u00e8s &#8230; <\/p>\n<div><a href=\"https:\/\/dev.fertilityconsultants.ca\/fr\/etes-vous-qualifie-pour-la-maternite-de-substitution\/\" class=\"more-link\">Read More<\/a><\/div>\n","protected":false},"author":33449,"featured_media":0,"parent":0,"menu_order":0,"comment_status":"closed","ping_status":"closed","template":"template-blank-4.php","meta":{"footnotes":""},"wf_page_folders":[430],"class_list":["post-26057","page","type-page","status-publish","hentry","no-post-thumbnail"],"yoast_head":"<!-- This site is optimized with the Yoast SEO plugin v23.5 - https:\/\/yoast.com\/wordpress\/plugins\/seo\/ -->\n<title>Formulaire de candidature de la m\u00e8re porteuse | CFC<\/title>\n<meta name=\"description\" content=\"Remplissez le formulaire de demande en ligne pour voir si vous remplissez les conditions requises pour devenir une m\u00e8re porteuse au Canada. Toutes les d\u00e9penses sont couvertes. Aidez \u00e0 cr\u00e9er une famille.\" \/>\n<meta name=\"robots\" content=\"noindex, follow, max-snippet:-1, max-image-preview:large, max-video-preview:-1\" \/>\n<meta property=\"og:locale\" content=\"fr_FR\" \/>\n<meta property=\"og:type\" content=\"article\" \/>\n<meta property=\"og:title\" content=\"Formulaire de candidature de la m\u00e8re porteuse | CFC\" \/>\n<meta property=\"og:description\" content=\"Remplissez le formulaire de demande en ligne pour voir si vous remplissez les conditions requises pour devenir une m\u00e8re porteuse au Canada. Toutes les d\u00e9penses sont couvertes. Aidez \u00e0 cr\u00e9er une famille.\" \/>\n<meta property=\"og:url\" content=\"https:\/\/dev.fertilityconsultants.ca\/fr\/etes-vous-qualifie-pour-la-maternite-de-substitution\/\" \/>\n<meta property=\"og:site_name\" content=\"Canadian Fertility Consulting\" \/>\n<meta property=\"article:publisher\" content=\"https:\/\/www.facebook.com\/CanadianSurrogacy\/\" \/>\n<meta property=\"article:modified_time\" content=\"2021-12-01T23:50:55+00:00\" \/>\n<meta name=\"twitter:card\" content=\"summary_large_image\" \/>\n<meta name=\"twitter:label1\" content=\"Dur\u00e9e de lecture estim\u00e9e\" \/>\n\t<meta name=\"twitter:data1\" content=\"1 minute\" \/>\n<script type=\"application\/ld+json\" class=\"yoast-schema-graph\">{\"@context\":\"https:\/\/schema.org\",\"@graph\":[{\"@type\":\"WebPage\",\"@id\":\"https:\/\/dev.fertilityconsultants.ca\/fr\/etes-vous-qualifie-pour-la-maternite-de-substitution\/\",\"url\":\"https:\/\/dev.fertilityconsultants.ca\/fr\/etes-vous-qualifie-pour-la-maternite-de-substitution\/\",\"name\":\"Formulaire de candidature de la m\u00e8re porteuse | CFC\",\"isPartOf\":{\"@id\":\"https:\/\/dev.fertilityconsultants.ca\/fr\/#website\"},\"datePublished\":\"2016-11-26T04:47:38+00:00\",\"dateModified\":\"2021-12-01T23:50:55+00:00\",\"description\":\"Remplissez le formulaire de demande en ligne pour voir si vous remplissez les conditions requises pour devenir une m\u00e8re porteuse au Canada. Toutes les d\u00e9penses sont couvertes. Aidez \u00e0 cr\u00e9er une famille.\",\"breadcrumb\":{\"@id\":\"https:\/\/dev.fertilityconsultants.ca\/fr\/etes-vous-qualifie-pour-la-maternite-de-substitution\/#breadcrumb\"},\"inLanguage\":\"fr-FR\",\"potentialAction\":[{\"@type\":\"ReadAction\",\"target\":[\"https:\/\/dev.fertilityconsultants.ca\/fr\/etes-vous-qualifie-pour-la-maternite-de-substitution\/\"]}]},{\"@type\":\"BreadcrumbList\",\"@id\":\"https:\/\/dev.fertilityconsultants.ca\/fr\/etes-vous-qualifie-pour-la-maternite-de-substitution\/#breadcrumb\",\"itemListElement\":[{\"@type\":\"ListItem\",\"position\":1,\"name\":\"Home\",\"item\":\"https:\/\/dev.fertilityconsultants.ca\/fr\/accueil\/\"},{\"@type\":\"ListItem\",\"position\":2,\"name\":\"Surrogate Application [FR]\"}]},{\"@type\":\"WebSite\",\"@id\":\"https:\/\/dev.fertilityconsultants.ca\/fr\/#website\",\"url\":\"https:\/\/dev.fertilityconsultants.ca\/fr\/\",\"name\":\"Canadian Fertility Consulting\",\"description\":\"Families Built with Love\",\"publisher\":{\"@id\":\"https:\/\/dev.fertilityconsultants.ca\/fr\/#organization\"},\"potentialAction\":[{\"@type\":\"SearchAction\",\"target\":{\"@type\":\"EntryPoint\",\"urlTemplate\":\"https:\/\/dev.fertilityconsultants.ca\/fr\/?s={search_term_string}\"},\"query-input\":{\"@type\":\"PropertyValueSpecification\",\"valueRequired\":true,\"valueName\":\"search_term_string\"}}],\"inLanguage\":\"fr-FR\"},{\"@type\":\"Organization\",\"@id\":\"https:\/\/dev.fertilityconsultants.ca\/fr\/#organization\",\"name\":\"Canadian Fertility Consulting\",\"url\":\"https:\/\/dev.fertilityconsultants.ca\/fr\/\",\"logo\":{\"@type\":\"ImageObject\",\"inLanguage\":\"fr-FR\",\"@id\":\"https:\/\/dev.fertilityconsultants.ca\/fr\/#\/schema\/logo\/image\/\",\"url\":\"https:\/\/dev.fertilityconsultants.ca\/wp-content\/uploads\/2022\/12\/Screenshot-2022-12-08-at-2.55.35-PM.png\",\"contentUrl\":\"https:\/\/dev.fertilityconsultants.ca\/wp-content\/uploads\/2022\/12\/Screenshot-2022-12-08-at-2.55.35-PM.png\",\"width\":2700,\"height\":752,\"caption\":\"Canadian Fertility Consulting\"},\"image\":{\"@id\":\"https:\/\/dev.fertilityconsultants.ca\/fr\/#\/schema\/logo\/image\/\"},\"sameAs\":[\"https:\/\/www.facebook.com\/CanadianSurrogacy\/\",\"https:\/\/www.instagram.com\/cfc.families\/\",\"https:\/\/www.tiktok.com\/@cfc.families?lang=en\"]}]}<\/script>\n<!-- \/ Yoast SEO plugin. -->","yoast_head_json":{"title":"Formulaire de candidature de la m\u00e8re porteuse | CFC","description":"Remplissez le formulaire de demande en ligne pour voir si vous remplissez les conditions requises pour devenir une m\u00e8re porteuse au Canada. Toutes les d\u00e9penses sont couvertes. Aidez \u00e0 cr\u00e9er une famille.","robots":{"index":"noindex","follow":"follow","max-snippet":"max-snippet:-1","max-image-preview":"max-image-preview:large","max-video-preview":"max-video-preview:-1"},"og_locale":"fr_FR","og_type":"article","og_title":"Formulaire de candidature de la m\u00e8re porteuse | CFC","og_description":"Remplissez le formulaire de demande en ligne pour voir si vous remplissez les conditions requises pour devenir une m\u00e8re porteuse au Canada. Toutes les d\u00e9penses sont couvertes. Aidez \u00e0 cr\u00e9er une famille.","og_url":"https:\/\/dev.fertilityconsultants.ca\/fr\/etes-vous-qualifie-pour-la-maternite-de-substitution\/","og_site_name":"Canadian Fertility Consulting","article_publisher":"https:\/\/www.facebook.com\/CanadianSurrogacy\/","article_modified_time":"2021-12-01T23:50:55+00:00","twitter_card":"summary_large_image","twitter_misc":{"Dur\u00e9e de lecture estim\u00e9e":"1 minute"},"schema":{"@context":"https:\/\/schema.org","@graph":[{"@type":"WebPage","@id":"https:\/\/dev.fertilityconsultants.ca\/fr\/etes-vous-qualifie-pour-la-maternite-de-substitution\/","url":"https:\/\/dev.fertilityconsultants.ca\/fr\/etes-vous-qualifie-pour-la-maternite-de-substitution\/","name":"Formulaire de candidature de la m\u00e8re porteuse | CFC","isPartOf":{"@id":"https:\/\/dev.fertilityconsultants.ca\/fr\/#website"},"datePublished":"2016-11-26T04:47:38+00:00","dateModified":"2021-12-01T23:50:55+00:00","description":"Remplissez le formulaire de demande en ligne pour voir si vous remplissez les conditions requises pour devenir une m\u00e8re porteuse au Canada. Toutes les d\u00e9penses sont couvertes. Aidez \u00e0 cr\u00e9er une famille.","breadcrumb":{"@id":"https:\/\/dev.fertilityconsultants.ca\/fr\/etes-vous-qualifie-pour-la-maternite-de-substitution\/#breadcrumb"},"inLanguage":"fr-FR","potentialAction":[{"@type":"ReadAction","target":["https:\/\/dev.fertilityconsultants.ca\/fr\/etes-vous-qualifie-pour-la-maternite-de-substitution\/"]}]},{"@type":"BreadcrumbList","@id":"https:\/\/dev.fertilityconsultants.ca\/fr\/etes-vous-qualifie-pour-la-maternite-de-substitution\/#breadcrumb","itemListElement":[{"@type":"ListItem","position":1,"name":"Home","item":"https:\/\/dev.fertilityconsultants.ca\/fr\/accueil\/"},{"@type":"ListItem","position":2,"name":"Surrogate Application [FR]"}]},{"@type":"WebSite","@id":"https:\/\/dev.fertilityconsultants.ca\/fr\/#website","url":"https:\/\/dev.fertilityconsultants.ca\/fr\/","name":"Canadian Fertility Consulting","description":"Families Built with Love","publisher":{"@id":"https:\/\/dev.fertilityconsultants.ca\/fr\/#organization"},"potentialAction":[{"@type":"SearchAction","target":{"@type":"EntryPoint","urlTemplate":"https:\/\/dev.fertilityconsultants.ca\/fr\/?s={search_term_string}"},"query-input":{"@type":"PropertyValueSpecification","valueRequired":true,"valueName":"search_term_string"}}],"inLanguage":"fr-FR"},{"@type":"Organization","@id":"https:\/\/dev.fertilityconsultants.ca\/fr\/#organization","name":"Canadian Fertility Consulting","url":"https:\/\/dev.fertilityconsultants.ca\/fr\/","logo":{"@type":"ImageObject","inLanguage":"fr-FR","@id":"https:\/\/dev.fertilityconsultants.ca\/fr\/#\/schema\/logo\/image\/","url":"https:\/\/dev.fertilityconsultants.ca\/wp-content\/uploads\/2022\/12\/Screenshot-2022-12-08-at-2.55.35-PM.png","contentUrl":"https:\/\/dev.fertilityconsultants.ca\/wp-content\/uploads\/2022\/12\/Screenshot-2022-12-08-at-2.55.35-PM.png","width":2700,"height":752,"caption":"Canadian Fertility Consulting"},"image":{"@id":"https:\/\/dev.fertilityconsultants.ca\/fr\/#\/schema\/logo\/image\/"},"sameAs":["https:\/\/www.facebook.com\/CanadianSurrogacy\/","https:\/\/www.instagram.com\/cfc.families\/","https:\/\/www.tiktok.com\/@cfc.families?lang=en"]}]}},"_links":{"self":[{"href":"https:\/\/dev.fertilityconsultants.ca\/fr\/wp-json\/wp\/v2\/pages\/26057"}],"collection":[{"href":"https:\/\/dev.fertilityconsultants.ca\/fr\/wp-json\/wp\/v2\/pages"}],"about":[{"href":"https:\/\/dev.fertilityconsultants.ca\/fr\/wp-json\/wp\/v2\/types\/page"}],"author":[{"embeddable":true,"href":"https:\/\/dev.fertilityconsultants.ca\/fr\/wp-json\/wp\/v2\/users\/33449"}],"replies":[{"embeddable":true,"href":"https:\/\/dev.fertilityconsultants.ca\/fr\/wp-json\/wp\/v2\/comments?post=26057"}],"version-history":[{"count":7,"href":"https:\/\/dev.fertilityconsultants.ca\/fr\/wp-json\/wp\/v2\/pages\/26057\/revisions"}],"predecessor-version":[{"id":35580,"href":"https:\/\/dev.fertilityconsultants.ca\/fr\/wp-json\/wp\/v2\/pages\/26057\/revisions\/35580"}],"wp:attachment":[{"href":"https:\/\/dev.fertilityconsultants.ca\/fr\/wp-json\/wp\/v2\/media?parent=26057"}],"wp:term":[{"taxonomy":"wf_page_folders","embeddable":true,"href":"https:\/\/dev.fertilityconsultants.ca\/fr\/wp-json\/wp\/v2\/wf_page_folders?post=26057"}],"curies":[{"name":"wp","href":"https:\/\/api.w.org\/{rel}","templated":true}]}}