{"id":39674,"date":"2022-01-25T14:21:45","date_gmt":"2022-01-25T19:21:45","guid":{"rendered":"https:\/\/dev.fertilityconsultants.ca\/blog-canadien-sur-les-meres-porteuses\/"},"modified":"2022-02-01T18:37:01","modified_gmt":"2022-02-01T23:37:01","slug":"blog-canadien-sur-les-meres-porteuses","status":"publish","type":"page","link":"https:\/\/dev.fertilityconsultants.ca\/fr\/blog-canadien-sur-les-meres-porteuses\/","title":{"rendered":"Canadian Fertility Consulting Blog"},"content":{"rendered":"<div id=\"cs-content\" class=\"cs-content\"><\/div>\n","protected":false},"excerpt":{"rendered":"<p>Filter CategoriesAllM\u00e8res porteusesDonneuse d&#039;ovules Construire une famille en 2022 : Canadian Fertility Consulting organise une s\u00e9ance d&#039;information virtuelle pour les futurs parents du Qu\u00e9bec. janvier 12, 2022 Construire une famille &#8230; <\/p>\n<div><a href=\"https:\/\/dev.fertilityconsultants.ca\/fr\/2017\/07\/blog-dintroduction-des-parents-intentionelles-sophie-stephane\/\" class=\"more-link\">Read More<\/a><\/div>\n","protected":false},"author":3,"featured_media":0,"parent":0,"menu_order":0,"comment_status":"open","ping_status":"closed","template":"template-blank-4.php","meta":{"footnotes":""},"wf_page_folders":[430],"class_list":["post-39674","page","type-page","status-publish","hentry","no-post-thumbnail"],"yoast_head":"<!-- This site is optimized with the Yoast SEO plugin v23.5 - https:\/\/yoast.com\/wordpress\/plugins\/seo\/ -->\n<title>Notre Blog | Canadian Fertility Consulting<\/title>\n<meta name=\"description\" content=\"Experts en mati\u00e8re de maternit\u00e9 de substitution au Canada. Canadian Fertility Consulting peut vous aider \u00e0 construire votre famille gr\u00e2ce \u00e0 la maternit\u00e9 de substitution et au don d&#039;ovules.\" \/>\n<meta name=\"robots\" content=\"noindex, follow, max-snippet:-1, max-image-preview:large, max-video-preview:-1\" \/>\n<meta property=\"og:locale\" content=\"fr_FR\" \/>\n<meta property=\"og:type\" content=\"article\" \/>\n<meta property=\"og:title\" content=\"Notre Blog | Canadian Fertility Consulting\" \/>\n<meta property=\"og:description\" content=\"Experts en mati\u00e8re de maternit\u00e9 de substitution au Canada. Canadian Fertility Consulting peut vous aider \u00e0 construire votre famille gr\u00e2ce \u00e0 la maternit\u00e9 de substitution et au don d&#039;ovules.\" \/>\n<meta property=\"og:url\" content=\"https:\/\/dev.fertilityconsultants.ca\/fr\/blog-canadien-sur-les-meres-porteuses\/\" \/>\n<meta property=\"og:site_name\" content=\"Canadian Fertility Consulting\" \/>\n<meta property=\"article:publisher\" content=\"https:\/\/www.facebook.com\/CanadianSurrogacy\/\" \/>\n<meta property=\"article:modified_time\" content=\"2022-02-01T23:37:01+00:00\" \/>\n<meta name=\"twitter:card\" content=\"summary_large_image\" \/>\n<script type=\"application\/ld+json\" class=\"yoast-schema-graph\">{\"@context\":\"https:\/\/schema.org\",\"@graph\":[{\"@type\":\"WebPage\",\"@id\":\"https:\/\/dev.fertilityconsultants.ca\/fr\/blog-canadien-sur-les-meres-porteuses\/\",\"url\":\"https:\/\/dev.fertilityconsultants.ca\/fr\/blog-canadien-sur-les-meres-porteuses\/\",\"name\":\"Notre Blog | Canadian Fertility Consulting\",\"isPartOf\":{\"@id\":\"https:\/\/dev.fertilityconsultants.ca\/fr\/#website\"},\"datePublished\":\"2022-01-25T19:21:45+00:00\",\"dateModified\":\"2022-02-01T23:37:01+00:00\",\"description\":\"Experts en mati\u00e8re de maternit\u00e9 de substitution au Canada. Canadian Fertility Consulting peut vous aider \u00e0 construire votre famille gr\u00e2ce \u00e0 la maternit\u00e9 de substitution et au don d'ovules.\",\"breadcrumb\":{\"@id\":\"https:\/\/dev.fertilityconsultants.ca\/fr\/blog-canadien-sur-les-meres-porteuses\/#breadcrumb\"},\"inLanguage\":\"fr-FR\",\"potentialAction\":[{\"@type\":\"ReadAction\",\"target\":[\"https:\/\/dev.fertilityconsultants.ca\/fr\/blog-canadien-sur-les-meres-porteuses\/\"]}]},{\"@type\":\"BreadcrumbList\",\"@id\":\"https:\/\/dev.fertilityconsultants.ca\/fr\/blog-canadien-sur-les-meres-porteuses\/#breadcrumb\",\"itemListElement\":[{\"@type\":\"ListItem\",\"position\":1,\"name\":\"Home\",\"item\":\"https:\/\/dev.fertilityconsultants.ca\/fr\/accueil\/\"},{\"@type\":\"ListItem\",\"position\":2,\"name\":\"Canadian Fertility Consulting Blog\"}]},{\"@type\":\"WebSite\",\"@id\":\"https:\/\/dev.fertilityconsultants.ca\/fr\/#website\",\"url\":\"https:\/\/dev.fertilityconsultants.ca\/fr\/\",\"name\":\"Canadian Fertility Consulting\",\"description\":\"Families Built with Love\",\"publisher\":{\"@id\":\"https:\/\/dev.fertilityconsultants.ca\/fr\/#organization\"},\"potentialAction\":[{\"@type\":\"SearchAction\",\"target\":{\"@type\":\"EntryPoint\",\"urlTemplate\":\"https:\/\/dev.fertilityconsultants.ca\/fr\/?s={search_term_string}\"},\"query-input\":{\"@type\":\"PropertyValueSpecification\",\"valueRequired\":true,\"valueName\":\"search_term_string\"}}],\"inLanguage\":\"fr-FR\"},{\"@type\":\"Organization\",\"@id\":\"https:\/\/dev.fertilityconsultants.ca\/fr\/#organization\",\"name\":\"Canadian Fertility Consulting\",\"url\":\"https:\/\/dev.fertilityconsultants.ca\/fr\/\",\"logo\":{\"@type\":\"ImageObject\",\"inLanguage\":\"fr-FR\",\"@id\":\"https:\/\/dev.fertilityconsultants.ca\/fr\/#\/schema\/logo\/image\/\",\"url\":\"https:\/\/dev.fertilityconsultants.ca\/wp-content\/uploads\/2022\/12\/Screenshot-2022-12-08-at-2.55.35-PM.png\",\"contentUrl\":\"https:\/\/dev.fertilityconsultants.ca\/wp-content\/uploads\/2022\/12\/Screenshot-2022-12-08-at-2.55.35-PM.png\",\"width\":2700,\"height\":752,\"caption\":\"Canadian Fertility Consulting\"},\"image\":{\"@id\":\"https:\/\/dev.fertilityconsultants.ca\/fr\/#\/schema\/logo\/image\/\"},\"sameAs\":[\"https:\/\/www.facebook.com\/CanadianSurrogacy\/\",\"https:\/\/www.instagram.com\/cfc.families\/\",\"https:\/\/www.tiktok.com\/@cfc.families?lang=en\"]}]}<\/script>\n<!-- \/ Yoast SEO plugin. -->","yoast_head_json":{"title":"Notre Blog | Canadian Fertility Consulting","description":"Experts en mati\u00e8re de maternit\u00e9 de substitution au Canada. Canadian Fertility Consulting peut vous aider \u00e0 construire votre famille gr\u00e2ce \u00e0 la maternit\u00e9 de substitution et au don d'ovules.","robots":{"index":"noindex","follow":"follow","max-snippet":"max-snippet:-1","max-image-preview":"max-image-preview:large","max-video-preview":"max-video-preview:-1"},"og_locale":"fr_FR","og_type":"article","og_title":"Notre Blog | Canadian Fertility Consulting","og_description":"Experts en mati\u00e8re de maternit\u00e9 de substitution au Canada. Canadian Fertility Consulting peut vous aider \u00e0 construire votre famille gr\u00e2ce \u00e0 la maternit\u00e9 de substitution et au don d'ovules.","og_url":"https:\/\/dev.fertilityconsultants.ca\/fr\/blog-canadien-sur-les-meres-porteuses\/","og_site_name":"Canadian Fertility Consulting","article_publisher":"https:\/\/www.facebook.com\/CanadianSurrogacy\/","article_modified_time":"2022-02-01T23:37:01+00:00","twitter_card":"summary_large_image","schema":{"@context":"https:\/\/schema.org","@graph":[{"@type":"WebPage","@id":"https:\/\/dev.fertilityconsultants.ca\/fr\/blog-canadien-sur-les-meres-porteuses\/","url":"https:\/\/dev.fertilityconsultants.ca\/fr\/blog-canadien-sur-les-meres-porteuses\/","name":"Notre Blog | Canadian Fertility Consulting","isPartOf":{"@id":"https:\/\/dev.fertilityconsultants.ca\/fr\/#website"},"datePublished":"2022-01-25T19:21:45+00:00","dateModified":"2022-02-01T23:37:01+00:00","description":"Experts en mati\u00e8re de maternit\u00e9 de substitution au Canada. Canadian Fertility Consulting peut vous aider \u00e0 construire votre famille gr\u00e2ce \u00e0 la maternit\u00e9 de substitution et au don d'ovules.","breadcrumb":{"@id":"https:\/\/dev.fertilityconsultants.ca\/fr\/blog-canadien-sur-les-meres-porteuses\/#breadcrumb"},"inLanguage":"fr-FR","potentialAction":[{"@type":"ReadAction","target":["https:\/\/dev.fertilityconsultants.ca\/fr\/blog-canadien-sur-les-meres-porteuses\/"]}]},{"@type":"BreadcrumbList","@id":"https:\/\/dev.fertilityconsultants.ca\/fr\/blog-canadien-sur-les-meres-porteuses\/#breadcrumb","itemListElement":[{"@type":"ListItem","position":1,"name":"Home","item":"https:\/\/dev.fertilityconsultants.ca\/fr\/accueil\/"},{"@type":"ListItem","position":2,"name":"Canadian Fertility Consulting Blog"}]},{"@type":"WebSite","@id":"https:\/\/dev.fertilityconsultants.ca\/fr\/#website","url":"https:\/\/dev.fertilityconsultants.ca\/fr\/","name":"Canadian Fertility Consulting","description":"Families Built with Love","publisher":{"@id":"https:\/\/dev.fertilityconsultants.ca\/fr\/#organization"},"potentialAction":[{"@type":"SearchAction","target":{"@type":"EntryPoint","urlTemplate":"https:\/\/dev.fertilityconsultants.ca\/fr\/?s={search_term_string}"},"query-input":{"@type":"PropertyValueSpecification","valueRequired":true,"valueName":"search_term_string"}}],"inLanguage":"fr-FR"},{"@type":"Organization","@id":"https:\/\/dev.fertilityconsultants.ca\/fr\/#organization","name":"Canadian Fertility Consulting","url":"https:\/\/dev.fertilityconsultants.ca\/fr\/","logo":{"@type":"ImageObject","inLanguage":"fr-FR","@id":"https:\/\/dev.fertilityconsultants.ca\/fr\/#\/schema\/logo\/image\/","url":"https:\/\/dev.fertilityconsultants.ca\/wp-content\/uploads\/2022\/12\/Screenshot-2022-12-08-at-2.55.35-PM.png","contentUrl":"https:\/\/dev.fertilityconsultants.ca\/wp-content\/uploads\/2022\/12\/Screenshot-2022-12-08-at-2.55.35-PM.png","width":2700,"height":752,"caption":"Canadian Fertility Consulting"},"image":{"@id":"https:\/\/dev.fertilityconsultants.ca\/fr\/#\/schema\/logo\/image\/"},"sameAs":["https:\/\/www.facebook.com\/CanadianSurrogacy\/","https:\/\/www.instagram.com\/cfc.families\/","https:\/\/www.tiktok.com\/@cfc.families?lang=en"]}]}},"_links":{"self":[{"href":"https:\/\/dev.fertilityconsultants.ca\/fr\/wp-json\/wp\/v2\/pages\/39674"}],"collection":[{"href":"https:\/\/dev.fertilityconsultants.ca\/fr\/wp-json\/wp\/v2\/pages"}],"about":[{"href":"https:\/\/dev.fertilityconsultants.ca\/fr\/wp-json\/wp\/v2\/types\/page"}],"author":[{"embeddable":true,"href":"https:\/\/dev.fertilityconsultants.ca\/fr\/wp-json\/wp\/v2\/users\/3"}],"replies":[{"embeddable":true,"href":"https:\/\/dev.fertilityconsultants.ca\/fr\/wp-json\/wp\/v2\/comments?post=39674"}],"version-history":[{"count":4,"href":"https:\/\/dev.fertilityconsultants.ca\/fr\/wp-json\/wp\/v2\/pages\/39674\/revisions"}],"predecessor-version":[{"id":40263,"href":"https:\/\/dev.fertilityconsultants.ca\/fr\/wp-json\/wp\/v2\/pages\/39674\/revisions\/40263"}],"wp:attachment":[{"href":"https:\/\/dev.fertilityconsultants.ca\/fr\/wp-json\/wp\/v2\/media?parent=39674"}],"wp:term":[{"taxonomy":"wf_page_folders","embeddable":true,"href":"https:\/\/dev.fertilityconsultants.ca\/fr\/wp-json\/wp\/v2\/wf_page_folders?post=39674"}],"curies":[{"name":"wp","href":"https:\/\/api.w.org\/{rel}","templated":true}]}}