{"id":41913,"date":"2020-07-14T13:56:22","date_gmt":"2020-07-14T17:56:22","guid":{"rendered":"https:\/\/dev.fertilityconsultants.ca\/resources-for-surrogates\/"},"modified":"2022-02-18T19:05:29","modified_gmt":"2022-02-19T00:05:29","slug":"ressources-pour-les-meres-porteuses","status":"publish","type":"page","link":"https:\/\/dev.fertilityconsultants.ca\/fr\/ressources-pour-les-meres-porteuses\/","title":{"rendered":"Prenatal Surrogate Resources [FR]"},"content":{"rendered":"<div id=\"cs-content\" class=\"cs-content\"><\/div>\n","protected":false},"excerpt":{"rendered":"<p>Ressources pour les m\u00e8res porteusesInformations pr\u00e9natales, de naissance et postnatales pour les m\u00e8res porteuses au Canada.Naissance et accouchementAlimentation pendant la grossesseProbl\u00e8mes DigestifsSoin DoulaExercise pendant la grossesseSant\u00e9 Mental pendant la grossesseSoin &#8230; <\/p>\n<div><a href=\"https:\/\/dev.fertilityconsultants.ca\/fr\/ressources-pour-les-meres-porteuses\/\" class=\"more-link\">Read More<\/a><\/div>\n","protected":false},"author":33449,"featured_media":41928,"parent":0,"menu_order":0,"comment_status":"closed","ping_status":"closed","template":"template-blank-4.php","meta":{"footnotes":""},"wf_page_folders":[430],"class_list":["post-41913","page","type-page","status-publish","has-post-thumbnail","hentry"],"yoast_head":"<!-- This site is optimized with the Yoast SEO plugin v23.5 - https:\/\/yoast.com\/wordpress\/plugins\/seo\/ -->\n<title>Prenatal Surrogate Resources | Canadian Fertility Consultants<\/title>\n<meta name=\"description\" content=\"Nadine Burger is Canadian Fertility Consulting\u2019s resident doula. Here are her pregnancy, birth, dietary, exercise, and post-birth resources for surrogates.\" \/>\n<meta name=\"robots\" content=\"noindex, follow, max-snippet:-1, max-image-preview:large, max-video-preview:-1\" \/>\n<meta property=\"og:locale\" content=\"fr_FR\" \/>\n<meta property=\"og:type\" content=\"article\" \/>\n<meta property=\"og:title\" content=\"Prenatal Surrogate Resources | Canadian Fertility Consultants\" \/>\n<meta property=\"og:description\" content=\"Nadine Burger is Canadian Fertility Consulting\u2019s resident doula. Here are her pregnancy, birth, dietary, exercise, and post-birth resources for surrogates.\" \/>\n<meta property=\"og:url\" content=\"https:\/\/dev.fertilityconsultants.ca\/fr\/ressources-pour-les-meres-porteuses\/\" \/>\n<meta property=\"og:site_name\" content=\"Canadian Fertility Consulting\" \/>\n<meta property=\"article:publisher\" content=\"https:\/\/www.facebook.com\/CanadianSurrogacy\/\" \/>\n<meta property=\"article:modified_time\" content=\"2022-02-19T00:05:29+00:00\" \/>\n<meta property=\"og:image\" content=\"https:\/\/dev.fertilityconsultants.ca\/wp-content\/uploads\/2022\/02\/AdobeStock_246485829.jpg\" \/>\n\t<meta property=\"og:image:width\" content=\"1200\" \/>\n\t<meta property=\"og:image:height\" content=\"800\" \/>\n\t<meta property=\"og:image:type\" content=\"image\/jpeg\" \/>\n<meta name=\"twitter:card\" content=\"summary_large_image\" \/>\n<meta name=\"twitter:label1\" content=\"Dur\u00e9e de lecture estim\u00e9e\" \/>\n\t<meta name=\"twitter:data1\" content=\"2 minutes\" \/>\n<script type=\"application\/ld+json\" class=\"yoast-schema-graph\">{\"@context\":\"https:\/\/schema.org\",\"@graph\":[{\"@type\":\"WebPage\",\"@id\":\"https:\/\/dev.fertilityconsultants.ca\/fr\/ressources-pour-les-meres-porteuses\/\",\"url\":\"https:\/\/dev.fertilityconsultants.ca\/fr\/ressources-pour-les-meres-porteuses\/\",\"name\":\"Prenatal Surrogate Resources | Canadian Fertility Consultants\",\"isPartOf\":{\"@id\":\"https:\/\/dev.fertilityconsultants.ca\/fr\/#website\"},\"primaryImageOfPage\":{\"@id\":\"https:\/\/dev.fertilityconsultants.ca\/fr\/ressources-pour-les-meres-porteuses\/#primaryimage\"},\"image\":{\"@id\":\"https:\/\/dev.fertilityconsultants.ca\/fr\/ressources-pour-les-meres-porteuses\/#primaryimage\"},\"thumbnailUrl\":\"https:\/\/dev.fertilityconsultants.ca\/wp-content\/uploads\/2022\/02\/AdobeStock_246485829.jpg\",\"datePublished\":\"2020-07-14T17:56:22+00:00\",\"dateModified\":\"2022-02-19T00:05:29+00:00\",\"description\":\"Nadine Burger is Canadian Fertility Consulting\u2019s resident doula. Here are her pregnancy, birth, dietary, exercise, and post-birth resources for surrogates.\",\"breadcrumb\":{\"@id\":\"https:\/\/dev.fertilityconsultants.ca\/fr\/ressources-pour-les-meres-porteuses\/#breadcrumb\"},\"inLanguage\":\"fr-FR\",\"potentialAction\":[{\"@type\":\"ReadAction\",\"target\":[\"https:\/\/dev.fertilityconsultants.ca\/fr\/ressources-pour-les-meres-porteuses\/\"]}]},{\"@type\":\"ImageObject\",\"inLanguage\":\"fr-FR\",\"@id\":\"https:\/\/dev.fertilityconsultants.ca\/fr\/ressources-pour-les-meres-porteuses\/#primaryimage\",\"url\":\"https:\/\/dev.fertilityconsultants.ca\/wp-content\/uploads\/2022\/02\/AdobeStock_246485829.jpg\",\"contentUrl\":\"https:\/\/dev.fertilityconsultants.ca\/wp-content\/uploads\/2022\/02\/AdobeStock_246485829.jpg\",\"width\":1200,\"height\":800},{\"@type\":\"BreadcrumbList\",\"@id\":\"https:\/\/dev.fertilityconsultants.ca\/fr\/ressources-pour-les-meres-porteuses\/#breadcrumb\",\"itemListElement\":[{\"@type\":\"ListItem\",\"position\":1,\"name\":\"Home\",\"item\":\"https:\/\/dev.fertilityconsultants.ca\/fr\/accueil\/\"},{\"@type\":\"ListItem\",\"position\":2,\"name\":\"Prenatal Surrogate Resources [FR]\"}]},{\"@type\":\"WebSite\",\"@id\":\"https:\/\/dev.fertilityconsultants.ca\/fr\/#website\",\"url\":\"https:\/\/dev.fertilityconsultants.ca\/fr\/\",\"name\":\"Canadian Fertility Consulting\",\"description\":\"Families Built with Love\",\"publisher\":{\"@id\":\"https:\/\/dev.fertilityconsultants.ca\/fr\/#organization\"},\"potentialAction\":[{\"@type\":\"SearchAction\",\"target\":{\"@type\":\"EntryPoint\",\"urlTemplate\":\"https:\/\/dev.fertilityconsultants.ca\/fr\/?s={search_term_string}\"},\"query-input\":{\"@type\":\"PropertyValueSpecification\",\"valueRequired\":true,\"valueName\":\"search_term_string\"}}],\"inLanguage\":\"fr-FR\"},{\"@type\":\"Organization\",\"@id\":\"https:\/\/dev.fertilityconsultants.ca\/fr\/#organization\",\"name\":\"Canadian Fertility Consulting\",\"url\":\"https:\/\/dev.fertilityconsultants.ca\/fr\/\",\"logo\":{\"@type\":\"ImageObject\",\"inLanguage\":\"fr-FR\",\"@id\":\"https:\/\/dev.fertilityconsultants.ca\/fr\/#\/schema\/logo\/image\/\",\"url\":\"https:\/\/dev.fertilityconsultants.ca\/wp-content\/uploads\/2022\/12\/Screenshot-2022-12-08-at-2.55.35-PM.png\",\"contentUrl\":\"https:\/\/dev.fertilityconsultants.ca\/wp-content\/uploads\/2022\/12\/Screenshot-2022-12-08-at-2.55.35-PM.png\",\"width\":2700,\"height\":752,\"caption\":\"Canadian Fertility Consulting\"},\"image\":{\"@id\":\"https:\/\/dev.fertilityconsultants.ca\/fr\/#\/schema\/logo\/image\/\"},\"sameAs\":[\"https:\/\/www.facebook.com\/CanadianSurrogacy\/\",\"https:\/\/www.instagram.com\/cfc.families\/\",\"https:\/\/www.tiktok.com\/@cfc.families?lang=en\"]}]}<\/script>\n<!-- \/ Yoast SEO plugin. -->","yoast_head_json":{"title":"Prenatal Surrogate Resources | Canadian Fertility Consultants","description":"Nadine Burger is Canadian Fertility Consulting\u2019s resident doula. Here are her pregnancy, birth, dietary, exercise, and post-birth resources for surrogates.","robots":{"index":"noindex","follow":"follow","max-snippet":"max-snippet:-1","max-image-preview":"max-image-preview:large","max-video-preview":"max-video-preview:-1"},"og_locale":"fr_FR","og_type":"article","og_title":"Prenatal Surrogate Resources | Canadian Fertility Consultants","og_description":"Nadine Burger is Canadian Fertility Consulting\u2019s resident doula. Here are her pregnancy, birth, dietary, exercise, and post-birth resources for surrogates.","og_url":"https:\/\/dev.fertilityconsultants.ca\/fr\/ressources-pour-les-meres-porteuses\/","og_site_name":"Canadian Fertility Consulting","article_publisher":"https:\/\/www.facebook.com\/CanadianSurrogacy\/","article_modified_time":"2022-02-19T00:05:29+00:00","og_image":[{"width":1200,"height":800,"url":"https:\/\/dev.fertilityconsultants.ca\/wp-content\/uploads\/2022\/02\/AdobeStock_246485829.jpg","type":"image\/jpeg"}],"twitter_card":"summary_large_image","twitter_misc":{"Dur\u00e9e de lecture estim\u00e9e":"2 minutes"},"schema":{"@context":"https:\/\/schema.org","@graph":[{"@type":"WebPage","@id":"https:\/\/dev.fertilityconsultants.ca\/fr\/ressources-pour-les-meres-porteuses\/","url":"https:\/\/dev.fertilityconsultants.ca\/fr\/ressources-pour-les-meres-porteuses\/","name":"Prenatal Surrogate Resources | Canadian Fertility Consultants","isPartOf":{"@id":"https:\/\/dev.fertilityconsultants.ca\/fr\/#website"},"primaryImageOfPage":{"@id":"https:\/\/dev.fertilityconsultants.ca\/fr\/ressources-pour-les-meres-porteuses\/#primaryimage"},"image":{"@id":"https:\/\/dev.fertilityconsultants.ca\/fr\/ressources-pour-les-meres-porteuses\/#primaryimage"},"thumbnailUrl":"https:\/\/dev.fertilityconsultants.ca\/wp-content\/uploads\/2022\/02\/AdobeStock_246485829.jpg","datePublished":"2020-07-14T17:56:22+00:00","dateModified":"2022-02-19T00:05:29+00:00","description":"Nadine Burger is Canadian Fertility Consulting\u2019s resident doula. Here are her pregnancy, birth, dietary, exercise, and post-birth resources for surrogates.","breadcrumb":{"@id":"https:\/\/dev.fertilityconsultants.ca\/fr\/ressources-pour-les-meres-porteuses\/#breadcrumb"},"inLanguage":"fr-FR","potentialAction":[{"@type":"ReadAction","target":["https:\/\/dev.fertilityconsultants.ca\/fr\/ressources-pour-les-meres-porteuses\/"]}]},{"@type":"ImageObject","inLanguage":"fr-FR","@id":"https:\/\/dev.fertilityconsultants.ca\/fr\/ressources-pour-les-meres-porteuses\/#primaryimage","url":"https:\/\/dev.fertilityconsultants.ca\/wp-content\/uploads\/2022\/02\/AdobeStock_246485829.jpg","contentUrl":"https:\/\/dev.fertilityconsultants.ca\/wp-content\/uploads\/2022\/02\/AdobeStock_246485829.jpg","width":1200,"height":800},{"@type":"BreadcrumbList","@id":"https:\/\/dev.fertilityconsultants.ca\/fr\/ressources-pour-les-meres-porteuses\/#breadcrumb","itemListElement":[{"@type":"ListItem","position":1,"name":"Home","item":"https:\/\/dev.fertilityconsultants.ca\/fr\/accueil\/"},{"@type":"ListItem","position":2,"name":"Prenatal Surrogate Resources [FR]"}]},{"@type":"WebSite","@id":"https:\/\/dev.fertilityconsultants.ca\/fr\/#website","url":"https:\/\/dev.fertilityconsultants.ca\/fr\/","name":"Canadian Fertility Consulting","description":"Families Built with Love","publisher":{"@id":"https:\/\/dev.fertilityconsultants.ca\/fr\/#organization"},"potentialAction":[{"@type":"SearchAction","target":{"@type":"EntryPoint","urlTemplate":"https:\/\/dev.fertilityconsultants.ca\/fr\/?s={search_term_string}"},"query-input":{"@type":"PropertyValueSpecification","valueRequired":true,"valueName":"search_term_string"}}],"inLanguage":"fr-FR"},{"@type":"Organization","@id":"https:\/\/dev.fertilityconsultants.ca\/fr\/#organization","name":"Canadian Fertility Consulting","url":"https:\/\/dev.fertilityconsultants.ca\/fr\/","logo":{"@type":"ImageObject","inLanguage":"fr-FR","@id":"https:\/\/dev.fertilityconsultants.ca\/fr\/#\/schema\/logo\/image\/","url":"https:\/\/dev.fertilityconsultants.ca\/wp-content\/uploads\/2022\/12\/Screenshot-2022-12-08-at-2.55.35-PM.png","contentUrl":"https:\/\/dev.fertilityconsultants.ca\/wp-content\/uploads\/2022\/12\/Screenshot-2022-12-08-at-2.55.35-PM.png","width":2700,"height":752,"caption":"Canadian Fertility Consulting"},"image":{"@id":"https:\/\/dev.fertilityconsultants.ca\/fr\/#\/schema\/logo\/image\/"},"sameAs":["https:\/\/www.facebook.com\/CanadianSurrogacy\/","https:\/\/www.instagram.com\/cfc.families\/","https:\/\/www.tiktok.com\/@cfc.families?lang=en"]}]}},"_links":{"self":[{"href":"https:\/\/dev.fertilityconsultants.ca\/fr\/wp-json\/wp\/v2\/pages\/41913"}],"collection":[{"href":"https:\/\/dev.fertilityconsultants.ca\/fr\/wp-json\/wp\/v2\/pages"}],"about":[{"href":"https:\/\/dev.fertilityconsultants.ca\/fr\/wp-json\/wp\/v2\/types\/page"}],"author":[{"embeddable":true,"href":"https:\/\/dev.fertilityconsultants.ca\/fr\/wp-json\/wp\/v2\/users\/33449"}],"replies":[{"embeddable":true,"href":"https:\/\/dev.fertilityconsultants.ca\/fr\/wp-json\/wp\/v2\/comments?post=41913"}],"version-history":[{"count":4,"href":"https:\/\/dev.fertilityconsultants.ca\/fr\/wp-json\/wp\/v2\/pages\/41913\/revisions"}],"predecessor-version":[{"id":41926,"href":"https:\/\/dev.fertilityconsultants.ca\/fr\/wp-json\/wp\/v2\/pages\/41913\/revisions\/41926"}],"wp:featuredmedia":[{"embeddable":true,"href":"https:\/\/dev.fertilityconsultants.ca\/fr\/wp-json\/wp\/v2\/media\/41928"}],"wp:attachment":[{"href":"https:\/\/dev.fertilityconsultants.ca\/fr\/wp-json\/wp\/v2\/media?parent=41913"}],"wp:term":[{"taxonomy":"wf_page_folders","embeddable":true,"href":"https:\/\/dev.fertilityconsultants.ca\/fr\/wp-json\/wp\/v2\/wf_page_folders?post=41913"}],"curies":[{"name":"wp","href":"https:\/\/api.w.org\/{rel}","templated":true}]}}